{"id":26886,"date":"2025-04-24T15:02:17","date_gmt":"2025-04-24T13:02:17","guid":{"rendered":"https:\/\/white-lemur-184173.hostingersite.com\/?page_id=26886"},"modified":"2025-04-24T15:03:05","modified_gmt":"2025-04-24T13:03:05","slug":"politica-de-cookies","status":"publish","type":"page","link":"https:\/\/tirallongues.cat\/en\/politica-de-cookies\/","title":{"rendered":"Cookie policy"},"content":{"rendered":"<div data-elementor-type=\"wp-page\" data-elementor-id=\"26886\" class=\"elementor elementor-26886\" data-elementor-post-type=\"page\">\n\t\t\t\t<div class=\"elementor-element elementor-element-edb8d48 e-flex e-con-boxed e-con e-parent\" data-id=\"edb8d48\" data-element_type=\"container\" data-e-type=\"container\" data-settings=\"{&quot;background_background&quot;:&quot;classic&quot;,&quot;shape_divider_bottom&quot;:&quot;waves&quot;}\">\n\t\t\t\t\t<div class=\"e-con-inner\">\n\t\t\t\t<div class=\"elementor-shape elementor-shape-bottom\" aria-hidden=\"true\" data-negative=\"false\">\n\t\t\t<svg xmlns=\"http:\/\/www.w3.org\/2000\/svg\" viewbox=\"0 0 1000 100\" preserveaspectratio=\"none\">\n\t<path class=\"elementor-shape-fill\" d=\"M421.9,6.5c22.6-2.5,51.5,0.4,75.5,5.3c23.6,4.9,70.9,23.5,100.5,35.7c75.8,32.2,133.7,44.5,192.6,49.7\tc23.6,2.1,48.7,3.5,103.4-2.5c54.7-6,106.2-25.6,106.2-25.6V0H0v30.3c0,0,72,32.6,158.4,30.5c39.2-0.7,92.8-6.7,134-22.4\tc21.2-8.1,52.2-18.2,79.7-24.2C399.3,7.9,411.6,7.5,421.9,6.5z\"\/>\n<\/svg>\t\t<\/div>\n\t\t<div class=\"elementor-element elementor-element-f07c037 e-con-full e-flex e-con e-child\" data-id=\"f07c037\" data-element_type=\"container\" data-e-type=\"container\">\n\t\t\t\t<\/div>\n\t\t\t\t\t<\/div>\n\t\t\t\t<\/div>\n\t\t<div class=\"elementor-element elementor-element-7eb19a9 e-flex e-con-boxed e-con e-parent\" data-id=\"7eb19a9\" data-element_type=\"container\" data-e-type=\"container\" data-settings=\"{&quot;background_background&quot;:&quot;classic&quot;}\">\n\t\t\t\t\t<div class=\"e-con-inner\">\n\t\t\t\t<div class=\"elementor-element elementor-element-8c919ee elementor-widget elementor-widget-text-editor\" data-id=\"8c919ee\" data-element_type=\"widget\" data-e-type=\"widget\" data-widget_type=\"text-editor.default\">\n\t\t\t\t<div class=\"elementor-widget-container\">\n\t\t\t\t\t\t\t\t\t<p><b>What are the <\/b><b><i>cookies<\/i><\/b><b>?<\/b><\/p><p><span style=\"font-weight: 400;\">the <\/span><i><span style=\"font-weight: 400;\">cookies<\/span><\/i><span style=\"font-weight: 400;\"> they are small data files that are received in the terminal from the website visited and are used to record certain interactions of the navigation on a website by storing data that can be updated and recovered. These files are stored on the user&#039;s computer and contain anonymous data that is not harmful to their computer. They are used to remember the user&#039;s preferences, such as the selected language, access data or personalization of the page.<\/span><\/p><p><span style=\"font-weight: 400;\">the <\/span><i><span style=\"font-weight: 400;\">cookies<\/span><\/i><span style=\"font-weight: 400;\"> they can also be used to record anonymous information about how the visitor uses the site. For example, from which web page you accessed it or if you used a banner ad to get there.<\/span><\/p><p><b>Why THIS WEBSITE uses <\/b><b><i>cookies<\/i><\/b><b>?<\/b><\/p><p><span style=\"font-weight: 400;\">THIS WEBSITE uses <\/span><i><span style=\"font-weight: 400;\">cookies<\/span><\/i><span style=\"font-weight: 400;\"> strictly necessary and essential for you to use our websites and be able to move freely, use secure areas, configure personalized options, etc. In addition, use <\/span><i><span style=\"font-weight: 400;\">cookies<\/span><\/i><span style=\"font-weight: 400;\"> which collect data relating to web usage analysis. These are used to help improve the service for the user, by measuring the use and performance of the page to optimize and personalize it.<\/span><\/p><p><span style=\"font-weight: 400;\">Our sites may also have social media links (such as Facebook or Twitter). THIS WEBSITE does not control the <\/span><i><span style=\"font-weight: 400;\">cookies<\/span><\/i><span style=\"font-weight: 400;\"> used by these external websites. For more information about the<\/span><i><span style=\"font-weight: 400;\">cookies<\/span><\/i><span style=\"font-weight: 400;\"> of social networks or other third-party websites, we advise you to review your own policies <\/span><i><span style=\"font-weight: 400;\">cookies<\/span><\/i><span style=\"font-weight: 400;\">.<\/span><\/p><p><b>What use do we give to the different types of <\/b><b><i>cookies<\/i><\/b><b>?<\/b><\/p><p><b>According to its purpose:<\/b><\/p><p><b>Technical cookies<\/b><\/p><p><span style=\"font-weight: 400;\">the <\/span><i><span style=\"font-weight: 400;\">cookies<\/span><\/i><span style=\"font-weight: 400;\"> techniques are those essential and strictly necessary for the correct functioning of a web portal and the use of the different options and services it offers.<\/span><\/p><p><span style=\"font-weight: 400;\">\u00a0For example, those used for session maintenance, response time management, performance or validation of options, use of security elements, content sharing with social networks, etc.<\/span><\/p><p><b>Personalization cookies<\/b><\/p><p><span style=\"font-weight: 400;\">These <\/span><i><span style=\"font-weight: 400;\">cookies<\/span><\/i><span style=\"font-weight: 400;\"> allow the user to specify or customize some features of the general options of the web page. For example, set the language, locale or browser type.<\/span><\/p><p><b>Analytical cookies<\/b><\/p><p><span style=\"font-weight: 400;\">the <\/span><i><span style=\"font-weight: 400;\">cookies<\/span><\/i><span style=\"font-weight: 400;\"> analytics are those used by our web portals to develop browsing profiles and to learn about user preferences in order to improve the offer of products and services.<\/span><\/p><p><span style=\"font-weight: 400;\">For example, through a <\/span><i><span style=\"font-weight: 400;\">cookie<\/span><\/i><span style=\"font-weight: 400;\"> analytically, the geographic areas of most interest to a user, which product is most accepted, etc. would be monitored.<\/span><\/p><p><b>Advertising\/advertising cookies<\/b><\/p><p><span style=\"font-weight: 400;\">the <\/span><i><span style=\"font-weight: 400;\">cookies<\/span><\/i><span style=\"font-weight: 400;\"> advertising allow the management of advertising spaces according to specific criteria. For example, the frequency of access, edited content, etc.<\/span><\/p><p><span style=\"font-weight: 400;\">the <\/span><i><span style=\"font-weight: 400;\">cookies<\/span><\/i><span style=\"font-weight: 400;\"> advertising companies allow, through the management of advertising, to store behavioral information through the observation of habits, studying the accesses and forming a profile of the user&#039;s preferences, in order to offer him advertising related to the interests of the your profile<\/span><\/p><p><b>According to deadline:<\/b><\/p><p><b>Session cookies<\/b><\/p><p><span style=\"font-weight: 400;\">the <\/span><i><span style=\"font-weight: 400;\">cookies<\/span><\/i><span style=\"font-weight: 400;\"> session cookies are those that last as long as the user is browsing the web page and are deleted when they finish doing so.<\/span><\/p><p><b>Persistent cookies<\/b><\/p><p><span style=\"font-weight: 400;\">These <\/span><i><span style=\"font-weight: 400;\">cookies<\/span><\/i><span style=\"font-weight: 400;\"> they are stored on the user&#039;s terminal for a longer time, thus facilitating the control of the chosen preferences without having to repeat certain parameters each time the website is visited.<\/span><\/p><p><b>And if I don&#039;t want to have these <\/b><b><i>cookies<\/i><\/b><b> or do I do nothing?<\/b><\/p><p><span style=\"font-weight: 400;\">To comply with current legislation, we must ask for your permission to manage <\/span><i><span style=\"font-weight: 400;\">cookies<\/span><\/i><span style=\"font-weight: 400;\">. If you choose not to authorize the processing by indicating to us that you do not agree, we would only use them <\/span><i><span style=\"font-weight: 400;\">cookies<\/span><\/i><span style=\"font-weight: 400;\"> techniques, as they are essential to navigate our website. In this case, we would not store any <\/span><i><span style=\"font-weight: 400;\">cookie<\/span><\/i><span style=\"font-weight: 400;\">. If you continue to browse our website without refusing permission, this means that you agree to its use.<\/span><\/p><p><span style=\"font-weight: 400;\">Note that if you reject or delete the <\/span><i><span style=\"font-weight: 400;\">cookies<\/span><\/i><span style=\"font-weight: 400;\"> of browsing the web, we will not be able to maintain your preferences, some features of the pages will not be operational, we will not be able to offer you personalized services and every time you browse our website we will have to ask you again for your authorization to the use of <\/span><i><span style=\"font-weight: 400;\">cookies<\/span><\/i><span style=\"font-weight: 400;\">.<\/span><\/p><p><span style=\"font-weight: 400;\">If, however, you decide to modify the configuration of your access to the website, you should know that it is possible to delete them <\/span><i><span style=\"font-weight: 400;\">cookies<\/span><\/i><span style=\"font-weight: 400;\"> or prevent this information from being recorded on your computer at any time by modifying your browser settings:<\/span><\/p><ul><li style=\"font-weight: 400;\" aria-level=\"1\"><a href=\"https:\/\/windows.microsoft.com\/es-es\/windows-vista\/block-or-allow-cookies\" target=\"_blank\" rel=\"noopener\"><span style=\"font-weight: 400;\">Configuration of <\/span><i><span style=\"font-weight: 400;\">cookies<\/span><\/i><span style=\"font-weight: 400;\"> from Internet Explorer<\/span><\/a><\/li><li style=\"font-weight: 400;\" aria-level=\"1\"><a href=\"https:\/\/support.mozilla.org\/ca\/kb\/enable-and-disable-cookies-website-preferences\" target=\"_blank\" rel=\"noopener\"><span style=\"font-weight: 400;\">Configuration of <\/span><i><span style=\"font-weight: 400;\">cookies<\/span><\/i><span style=\"font-weight: 400;\"> of Firefox<\/span><\/a><\/li><li style=\"font-weight: 400;\" aria-level=\"1\"><a href=\"https:\/\/support.google.com\/chrome\/answer\/95647?hl=ca\" target=\"_blank\" rel=\"noopener\"><span style=\"font-weight: 400;\">Configuration of <\/span><i><span style=\"font-weight: 400;\">cookies<\/span><\/i><span style=\"font-weight: 400;\"> from Google Chrome<\/span><\/a><\/li><li style=\"font-weight: 400;\" aria-level=\"1\"><a href=\"https:\/\/support.apple.com\/kb\/HT1677?viewlocale=es_ES&amp;locale=es_ES\" target=\"_blank\" rel=\"noopener\"><span style=\"font-weight: 400;\">Configuration of <\/span><i><span style=\"font-weight: 400;\">cookies<\/span><\/i><span style=\"font-weight: 400;\"> of Safari<\/span><\/a><\/li><\/ul><p><span style=\"font-weight: 400;\">These browsers are subject to updates or modifications, so we cannot guarantee that they will fully match your browser version. You may also be using another browser not covered in these links such as Konqueror, Arora, Flock, etc.<\/span><\/p><p><span style=\"font-weight: 400;\">To avoid these mismatches, you can access directly from the options of your browser which is usually found in the Options menu, in the &quot;Privacy&quot; section. (Please see your browser&#039;s help for more information.)<\/span><\/p><p><b>The data collected in <\/b><b><i>cookies<\/i><\/b><b>, are they used on websites other than THIS WEBSITE?<\/b><\/p><p><span style=\"font-weight: 400;\">One of ours <\/span><i><span style=\"font-weight: 400;\">cookies<\/span><\/i><span style=\"font-weight: 400;\"> it is used to generate advertising on third-party networks or to perform analytics for which we use external tools on THIS WEBSITE. the <\/span><i><span style=\"font-weight: 400;\">cookies<\/span><\/i><span style=\"font-weight: 400;\"> employed are for the exclusive use of the bank and its group of companies, which in no case markets them.<\/span><\/p><p><span style=\"font-weight: 400;\">In THIS WEBSITE we work with reliable suppliers who help us in the management and personalization of our web pages.<\/span><\/p><p><b>So what does the above information mean?<\/b><\/p><p><span style=\"font-weight: 400;\">If you accept ours <\/span><i><span style=\"font-weight: 400;\">cookies<\/span><\/i><span style=\"font-weight: 400;\">, allows us to improve the websites of THIS WEBSITE to offer you optimal access and give you a more effective and personalized service.<\/span><\/p><p><span style=\"font-weight: 400;\">In addition, you can configure your browser so that only trusted websites or pages you are currently browsing can manage <\/span><i><span style=\"font-weight: 400;\">cookies<\/span><\/i><span style=\"font-weight: 400;\">, which allows you to select your preferences.<\/span><\/p><p><span style=\"font-weight: 400;\">With this policy, THIS WEBSITE demonstrates its commitment to current legislation on the use of <\/span><i><span style=\"font-weight: 400;\">cookies<\/span><\/i><span style=\"font-weight: 400;\">, giving you information so that you can understand what kind of <\/span><i><span style=\"font-weight: 400;\">cookies<\/span><\/i><span style=\"font-weight: 400;\">we will use and why we do it. With this we aim to provide you with transparency in relation to the data processed during the navigation made from your computer on our website.<\/span><\/p><p><span style=\"font-weight: 400;\">This policy is reviewed periodically to ensure its validity, so it may be modified. We recommend that you visit the page regularly, where we will inform you of any updates.<\/span><\/p><p><b>Where can I get more information?<\/b><\/p><p><span style=\"font-weight: 400;\">If you need more information about the directive of <\/span><i><span style=\"font-weight: 400;\">cookies<\/span><\/i><span style=\"font-weight: 400;\">, please consult the Official State Gazette published on 31 March 2012 (for Spain), which transposes the directives on electronic communications. The directive can also be consulted at <\/span><a href=\"https:\/\/ico.org.uk\/\" target=\"_blank\" rel=\"noopener\"><span style=\"font-weight: 400;\">Information Commissioner&#039;s Office<\/span><\/a><span style=\"font-weight: 400;\"> (in English).<\/span><\/p><p><span style=\"font-weight: 400;\">Additionally, you can access some educational videos published by the Spanish Data Protection Agency in which it is explained, step by step, how to configure the privacy options of browsers, social networks and the most common mobile operating systems, at <\/span><a href=\"https:\/\/www.youtube.com\/user\/desdelaAEPD\" target=\"_blank\" rel=\"noopener\"><span style=\"font-weight: 400;\">AEPD videos<\/span><\/a><span style=\"font-weight: 400;\">.<\/span><\/p>\t\t\t\t\t\t\t\t<\/div>\n\t\t\t\t<\/div>\n\t\t\t\t\t<\/div>\n\t\t\t\t<\/div>\n\t\t\t\t<\/div>","protected":false},"excerpt":{"rendered":"<p>Qu\u00e8 s\u00f3n les cookies? Les cookies s\u00f3n petits arxius de dades que es reben en el terminal des del lloc web visitat i s\u2019usen per registrar certes interacciones de la navegaci\u00f3 en un lloc web emmagatzemant dades que podran ser actualitzades i recuperades. Aquests arxius s\u2019emmagatzemen en l\u2019ordinador de l\u2019usuari i contenen dades an\u00f2nimes que [&hellip;]<\/p>","protected":false},"author":1,"featured_media":0,"parent":0,"menu_order":0,"comment_status":"closed","ping_status":"closed","template":"","meta":{"_acf_changed":false,"site-sidebar-layout":"no-sidebar","site-content-layout":"page-builder","ast-site-content-layout":"full-width-container","site-content-style":"default","site-sidebar-style":"default","ast-global-header-display":"","ast-banner-title-visibility":"","ast-main-header-display":"","ast-hfb-above-header-display":"","ast-hfb-below-header-display":"","ast-hfb-mobile-header-display":"","site-post-title":"disabled","ast-breadcrumbs-content":"","ast-featured-img":"disabled","footer-sml-layout":"","theme-transparent-header-meta":"","adv-header-id-meta":"","stick-header-meta":"","header-above-stick-meta":"","header-main-stick-meta":"","header-below-stick-meta":"","astra-migrate-meta-layouts":"set","ast-page-background-enabled":"default","ast-page-background-meta":{"desktop":{"background-color":"","background-image":"","background-repeat":"repeat","background-position":"center center","background-size":"auto","background-attachment":"scroll","background-type":"","background-media":"","overlay-type":"","overlay-color":"","overlay-opacity":"","overlay-gradient":""},"tablet":{"background-color":"","background-image":"","background-repeat":"repeat","background-position":"center center","background-size":"auto","background-attachment":"scroll","background-type":"","background-media":"","overlay-type":"","overlay-color":"","overlay-opacity":"","overlay-gradient":""},"mobile":{"background-color":"","background-image":"","background-repeat":"repeat","background-position":"center center","background-size":"auto","background-attachment":"scroll","background-type":"","background-media":"","overlay-type":"","overlay-color":"","overlay-opacity":"","overlay-gradient":""}},"ast-content-background-meta":{"desktop":{"background-color":"var(--ast-global-color-5)","background-image":"","background-repeat":"repeat","background-position":"center center","background-size":"auto","background-attachment":"scroll","background-type":"","background-media":"","overlay-type":"","overlay-color":"","overlay-opacity":"","overlay-gradient":""},"tablet":{"background-color":"var(--ast-global-color-5)","background-image":"","background-repeat":"repeat","background-position":"center center","background-size":"auto","background-attachment":"scroll","background-type":"","background-media":"","overlay-type":"","overlay-color":"","overlay-opacity":"","overlay-gradient":""},"mobile":{"background-color":"var(--ast-global-color-5)","background-image":"","background-repeat":"repeat","background-position":"center center","background-size":"auto","background-attachment":"scroll","background-type":"","background-media":"","overlay-type":"","overlay-color":"","overlay-opacity":"","overlay-gradient":""}},"footnotes":""},"class_list":["post-26886","page","type-page","status-publish","hentry"],"acf":[],"_links":{"self":[{"href":"https:\/\/tirallongues.cat\/en\/wp-json\/wp\/v2\/pages\/26886","targetHints":{"allow":["GET"]}}],"collection":[{"href":"https:\/\/tirallongues.cat\/en\/wp-json\/wp\/v2\/pages"}],"about":[{"href":"https:\/\/tirallongues.cat\/en\/wp-json\/wp\/v2\/types\/page"}],"author":[{"embeddable":true,"href":"https:\/\/tirallongues.cat\/en\/wp-json\/wp\/v2\/users\/1"}],"replies":[{"embeddable":true,"href":"https:\/\/tirallongues.cat\/en\/wp-json\/wp\/v2\/comments?post=26886"}],"version-history":[{"count":4,"href":"https:\/\/tirallongues.cat\/en\/wp-json\/wp\/v2\/pages\/26886\/revisions"}],"predecessor-version":[{"id":26891,"href":"https:\/\/tirallongues.cat\/en\/wp-json\/wp\/v2\/pages\/26886\/revisions\/26891"}],"wp:attachment":[{"href":"https:\/\/tirallongues.cat\/en\/wp-json\/wp\/v2\/media?parent=26886"}],"curies":[{"name":"wp","href":"https:\/\/api.w.org\/{rel}","templated":true}]}}