{"id":25774,"date":"2024-06-12T17:00:56","date_gmt":"2024-06-12T16:00:56","guid":{"rendered":"https:\/\/white-lemur-184173.hostingersite.com\/?page_id=25774"},"modified":"2024-06-12T17:02:17","modified_gmt":"2024-06-12T16:02:17","slug":"declaracio-daccessibilitat","status":"publish","type":"page","link":"https:\/\/tirallongues.cat\/es\/declaracio-daccessibilitat\/","title":{"rendered":"Declaraci\u00f3n de accesibilidad"},"content":{"rendered":"<div data-elementor-type=\"wp-page\" data-elementor-id=\"25774\" class=\"elementor elementor-25774\" data-elementor-post-type=\"page\">\n\t\t\t\t<div class=\"elementor-element elementor-element-f818c5e e-flex e-con-boxed e-con e-parent\" data-id=\"f818c5e\" data-element_type=\"container\" data-e-type=\"container\" data-settings=\"{&quot;background_background&quot;:&quot;classic&quot;,&quot;shape_divider_bottom&quot;:&quot;waves&quot;}\">\n\t\t\t\t\t<div class=\"e-con-inner\">\n\t\t\t\t<div class=\"elementor-shape elementor-shape-bottom\" aria-hidden=\"true\" data-negative=\"false\">\n\t\t\t<svg xmlns=\"http:\/\/www.w3.org\/2000\/svg\" viewbox=\"0 0 1000 100\" preserveaspectratio=\"none\">\n\t<path class=\"elementor-shape-fill\" d=\"M421.9,6.5c22.6-2.5,51.5,0.4,75.5,5.3c23.6,4.9,70.9,23.5,100.5,35.7c75.8,32.2,133.7,44.5,192.6,49.7\tc23.6,2.1,48.7,3.5,103.4-2.5c54.7-6,106.2-25.6,106.2-25.6V0H0v30.3c0,0,72,32.6,158.4,30.5c39.2-0.7,92.8-6.7,134-22.4\tc21.2-8.1,52.2-18.2,79.7-24.2C399.3,7.9,411.6,7.5,421.9,6.5z\"\/>\n<\/svg>\t\t<\/div>\n\t\t<div class=\"elementor-element elementor-element-2d0bf2a e-con-full e-flex e-con e-child\" data-id=\"2d0bf2a\" data-element_type=\"container\" data-e-type=\"container\">\n\t\t\t\t<\/div>\n\t\t\t\t\t<\/div>\n\t\t\t\t<\/div>\n\t\t<div class=\"elementor-element elementor-element-2cdc5b5 e-flex e-con-boxed e-con e-parent\" data-id=\"2cdc5b5\" data-element_type=\"container\" data-e-type=\"container\" data-settings=\"{&quot;background_background&quot;:&quot;classic&quot;}\">\n\t\t\t\t\t<div class=\"e-con-inner\">\n\t\t\t\t<div class=\"elementor-element elementor-element-8425946 elementor-widget elementor-widget-text-editor\" data-id=\"8425946\" data-element_type=\"widget\" data-e-type=\"widget\" data-widget_type=\"text-editor.default\">\n\t\t\t\t<div class=\"elementor-widget-container\">\n\t\t\t\t\t\t\t\t\t<p>Estamos comprometidos a hacer accesible nuestro sitio web de conformidad con el\u00a0<a href=\"https:\/\/www.boe.es\/buscar\/act.php?id=BOE-A-2018-12699\" target=\"_blank\" rel=\"noopener\">Real Decreto 1112\/2018, de 7 de septiembre,<\/a>\u00a0sobre accesibilidad de los sitios web y aplicaciones para dispositivos m\u00f3viles del sector p\u00fablico (en adelante Real Decreto 1112\/2018, de 7 de septiembre).<\/p><h5>\u00a0<\/h5><h5><b>SITUACI\u00d3N DE CUMPLIMIENTO<\/b><\/h5><p>Este sitio web es parcialmente conforme al Real decreto 1112\/2018, de 7 de septiembre, debido a la falta de conformidad de los aspectos que se indican a continuaci\u00f3n.<\/p><h5><b>CONTENIDO NO ACCESIBLE<\/b><\/h5><p>El contenido que se recoge a continuaci\u00f3n no es accesible por lo siguiente:<\/p><ol><li aria-level=\"1\">Carece de conformidad con el Real Decreto 1112\/2018, de 7 de septiembre: podr\u00edan existir errores puntuales de edici\u00f3n en alguna p\u00e1gina web, tanto en contenidos HTML como en documentos finales, publicados en fecha posterior al 20 de septiembre de 2018 (fecha de entrada en vigor del Real Decreto 1112\/2018, de 7 de septiembre). Concretamente puede haber errores en aquellos documentos que contienen gr\u00e1ficos, tablas complejas o en aquellos firmados electr\u00f3nicamente antes de la revisi\u00f3n de accesibilidad.<\/li><li aria-level=\"1\">Carga desproporcionada: no se aplica.<\/li><li aria-level=\"1\">El contenido no entra en el \u00e1mbito de la legislaci\u00f3n aplicable: Existen archivos ofim\u00e1ticos en PDF u otros formatos publicados antes del 20 de septiembre de 2018 que no cumplen totalmente todos los requisitos de accesibilidad; tambi\u00e9n pueden estar en esta situaci\u00f3n contenidos de terceros no financiados, ni desarrollados, ni bajo el control del Ministerio.<\/li><\/ol><p>\u00a0<\/p><h5><b>PREPARACI\u00d3N DE LA PRESENTE DECLARACI\u00d3N DE ACCESIBILIDAD<\/b><\/h5><p>Esta declaraci\u00f3n fue preparada el 12 de junio de 2024.<\/p><p>El m\u00e9todo empleado para preparar la declaraci\u00f3n ha sido una autoevaluaci\u00f3n llevada a cabo por el propio organismo.<\/p><h5><b>OBSERVACIONES Y DATOS DE CONTACTO<\/b><\/h5><p>Puede realizar comunicaciones sobre requisitos de accesibilidad (art\u00edculo 10.2.a) del Real decreto 1112\/2018, de 7 de septiembre) como, por ejemplo:<\/p><p>Informar sobre cualquier posible incumplimiento por parte de este sitio web.<\/p><p>Transmitir otras dificultades de acceso al contenido.<\/p><p>Formular cualquier otra consulta o sugerencia de mejora relativa a la accesibilidad del sitio web.<\/p><p>A trav\u00e9s de las siguientes v\u00edas:<\/p><ul><li aria-level=\"1\">Correo electr\u00f3nico: <a href=\"mailto:tirallonguesmanresa@gmail.com\"><span style=\"font-weight: 400;\">tirallonguesmanresa@gmail.com<\/span><\/a><\/li><li aria-level=\"1\">Tel\u00e9fono: <a href=\"tel:+34617305391\"><span style=\"font-weight: 400;\">617305391<\/span><\/a><\/li><li aria-level=\"1\">Las comunicaciones ser\u00e1n recibidas y tratadas por la direcci\u00f3n de la empresa como unidad responsable de los contenidos de este sitio web.<\/li><\/ul><p>\u00a0<\/p><h5><b>CONTENIDO OPCIONAL<\/b><\/h5><p>La versi\u00f3n actualmente visible de este sitio web es de junio de 2024 y en esa fecha se hizo la revisi\u00f3n del nivel de accesibilidad vigente en el momento.<\/p><p>A partir de la fecha mencionada se llevan a cabo revisiones parciales diarias del contenido web nuevo o modificado, tanto de las plantillas como de las p\u00e1ginas y documentos finales publicados, a fin de asegurar el cumplimiento de los requerimientos de accesibilidad de la Norma UNE- EN 301549:2019, considerando las excepciones del Real Decreto 1112\/2018, de 7 de septiembre.<\/p><p>Entre otras, se adoptan las siguientes medidas para facilitar la accesibilidad:<\/p><ul><li aria-level=\"1\">Utilizaci\u00f3n de texto alternativo en las im\u00e1genes.<\/li><li aria-level=\"1\">Los enlaces ofrecen detalles de la funci\u00f3n o destino del hiperenlace.<\/li><li aria-level=\"1\">Uso de los est\u00e1ndares del W3C: XHTML 1.0, CSS 3.0, WAI AA<\/li><\/ul>\t\t\t\t\t\t\t\t<\/div>\n\t\t\t\t<\/div>\n\t\t\t\t\t<\/div>\n\t\t\t\t<\/div>\n\t\t\t\t<\/div>","protected":false},"excerpt":{"rendered":"<p>Estem compromesos a fer accessible el nostre lloc web de conformitat amb el\u00a0Reial Decret 1112\/2018, de 7 de setembre,\u00a0sobre accessibilitat dels llocs web i aplicacions per a dispositius m\u00f2bils del sector p\u00fablic (d\u2019ara endavant, Reial Decret 1112\/2018, de 7 de setembre). \u00a0 SITUACI\u00d3 DE COMPLIMENT Aquest lloc web \u00e9s parcialment conforme amb el Reial decret [&hellip;]<\/p>","protected":false},"author":1,"featured_media":0,"parent":0,"menu_order":0,"comment_status":"closed","ping_status":"closed","template":"","meta":{"_acf_changed":false,"site-sidebar-layout":"no-sidebar","site-content-layout":"page-builder","ast-site-content-layout":"full-width-container","site-content-style":"default","site-sidebar-style":"default","ast-global-header-display":"","ast-banner-title-visibility":"","ast-main-header-display":"","ast-hfb-above-header-display":"","ast-hfb-below-header-display":"","ast-hfb-mobile-header-display":"","site-post-title":"disabled","ast-breadcrumbs-content":"","ast-featured-img":"disabled","footer-sml-layout":"","theme-transparent-header-meta":"","adv-header-id-meta":"","stick-header-meta":"","header-above-stick-meta":"","header-main-stick-meta":"","header-below-stick-meta":"","astra-migrate-meta-layouts":"set","ast-page-background-enabled":"default","ast-page-background-meta":{"desktop":{"background-color":"","background-image":"","background-repeat":"repeat","background-position":"center center","background-size":"auto","background-attachment":"scroll","background-type":"","background-media":"","overlay-type":"","overlay-color":"","overlay-opacity":"","overlay-gradient":""},"tablet":{"background-color":"","background-image":"","background-repeat":"repeat","background-position":"center center","background-size":"auto","background-attachment":"scroll","background-type":"","background-media":"","overlay-type":"","overlay-color":"","overlay-opacity":"","overlay-gradient":""},"mobile":{"background-color":"","background-image":"","background-repeat":"repeat","background-position":"center center","background-size":"auto","background-attachment":"scroll","background-type":"","background-media":"","overlay-type":"","overlay-color":"","overlay-opacity":"","overlay-gradient":""}},"ast-content-background-meta":{"desktop":{"background-color":"var(--ast-global-color-5)","background-image":"","background-repeat":"repeat","background-position":"center center","background-size":"auto","background-attachment":"scroll","background-type":"","background-media":"","overlay-type":"","overlay-color":"","overlay-opacity":"","overlay-gradient":""},"tablet":{"background-color":"var(--ast-global-color-5)","background-image":"","background-repeat":"repeat","background-position":"center center","background-size":"auto","background-attachment":"scroll","background-type":"","background-media":"","overlay-type":"","overlay-color":"","overlay-opacity":"","overlay-gradient":""},"mobile":{"background-color":"var(--ast-global-color-5)","background-image":"","background-repeat":"repeat","background-position":"center center","background-size":"auto","background-attachment":"scroll","background-type":"","background-media":"","overlay-type":"","overlay-color":"","overlay-opacity":"","overlay-gradient":""}},"footnotes":""},"class_list":["post-25774","page","type-page","status-publish","hentry"],"acf":[],"_links":{"self":[{"href":"https:\/\/tirallongues.cat\/es\/wp-json\/wp\/v2\/pages\/25774","targetHints":{"allow":["GET"]}}],"collection":[{"href":"https:\/\/tirallongues.cat\/es\/wp-json\/wp\/v2\/pages"}],"about":[{"href":"https:\/\/tirallongues.cat\/es\/wp-json\/wp\/v2\/types\/page"}],"author":[{"embeddable":true,"href":"https:\/\/tirallongues.cat\/es\/wp-json\/wp\/v2\/users\/1"}],"replies":[{"embeddable":true,"href":"https:\/\/tirallongues.cat\/es\/wp-json\/wp\/v2\/comments?post=25774"}],"version-history":[{"count":4,"href":"https:\/\/tirallongues.cat\/es\/wp-json\/wp\/v2\/pages\/25774\/revisions"}],"predecessor-version":[{"id":25778,"href":"https:\/\/tirallongues.cat\/es\/wp-json\/wp\/v2\/pages\/25774\/revisions\/25778"}],"wp:attachment":[{"href":"https:\/\/tirallongues.cat\/es\/wp-json\/wp\/v2\/media?parent=25774"}],"curies":[{"name":"wp","href":"https:\/\/api.w.org\/{rel}","templated":true}]}}