{"id":25930,"date":"2024-06-18T15:36:47","date_gmt":"2024-06-18T14:36:47","guid":{"rendered":"https:\/\/white-lemur-184173.hostingersite.com\/?page_id=25930"},"modified":"2024-07-22T08:18:12","modified_gmt":"2024-07-22T06:18:12","slug":"noticies","status":"publish","type":"page","link":"https:\/\/tirallongues.cat\/es\/noticies\/","title":{"rendered":"Noticias"},"content":{"rendered":"<div data-elementor-type=\"wp-page\" data-elementor-id=\"25930\" class=\"elementor elementor-25930\" data-elementor-post-type=\"page\">\n\t\t\t\t<div class=\"elementor-element elementor-element-6a16108 e-flex e-con-boxed e-con e-parent\" data-id=\"6a16108\" data-element_type=\"container\" data-e-type=\"container\" data-settings=\"{&quot;background_background&quot;:&quot;classic&quot;}\">\n\t\t\t\t\t<div class=\"e-con-inner\">\n\t\t\t\t<div class=\"elementor-element elementor-element-5384a0d elementor-widget elementor-widget-heading\" data-id=\"5384a0d\" data-element_type=\"widget\" data-e-type=\"widget\" data-widget_type=\"heading.default\">\n\t\t\t\t<div class=\"elementor-widget-container\">\n\t\t\t\t\t<h1 class=\"elementor-heading-title elementor-size-default\">NOTICIAS<\/h1>\t\t\t\t<\/div>\n\t\t\t\t<\/div>\n\t\t\t\t\t<\/div>\n\t\t\t\t<\/div>\n\t\t<div class=\"elementor-element elementor-element-923e9d8 e-flex e-con-boxed e-con e-parent\" data-id=\"923e9d8\" data-element_type=\"container\" data-e-type=\"container\">\n\t\t\t\t\t<div class=\"e-con-inner\">\n\t\t\t\t<div class=\"elementor-element elementor-element-d0baccf elementor-grid-3 elementor-grid-tablet-2 elementor-grid-mobile-1 elementor-posts--thumbnail-top elementor-card-shadow-yes elementor-posts__hover-gradient elementor-widget elementor-widget-posts\" data-id=\"d0baccf\" data-element_type=\"widget\" data-e-type=\"widget\" data-settings=\"{&quot;pagination_type&quot;:&quot;numbers_and_prev_next&quot;,&quot;cards_columns&quot;:&quot;3&quot;,&quot;cards_columns_tablet&quot;:&quot;2&quot;,&quot;cards_columns_mobile&quot;:&quot;1&quot;,&quot;cards_row_gap&quot;:{&quot;unit&quot;:&quot;px&quot;,&quot;size&quot;:35,&quot;sizes&quot;:[]},&quot;cards_row_gap_tablet&quot;:{&quot;unit&quot;:&quot;px&quot;,&quot;size&quot;:&quot;&quot;,&quot;sizes&quot;:[]},&quot;cards_row_gap_mobile&quot;:{&quot;unit&quot;:&quot;px&quot;,&quot;size&quot;:&quot;&quot;,&quot;sizes&quot;:[]}}\" data-widget_type=\"posts.cards\">\n\t\t\t\t<div class=\"elementor-widget-container\">\n\t\t\t\t\t\t\t<div class=\"elementor-posts-container elementor-posts elementor-posts--skin-cards elementor-grid\">\n\t\t\t\t<article class=\"elementor-post elementor-grid-item post-26833 post type-post status-publish format-standard has-post-thumbnail hentry category-uncategorized\">\n\t\t\t<div class=\"elementor-post__card\">\n\t\t\t\t<a class=\"elementor-post__thumbnail__link\" href=\"https:\/\/tirallongues.cat\/es\/estrenem-noves-juntes-directiva-i-tecnica\/\" tabindex=\"-1\"><div class=\"elementor-post__thumbnail\"><img fetchpriority=\"high\" decoding=\"async\" width=\"567\" height=\"309\" src=\"https:\/\/tirallongues.cat\/wp-content\/uploads\/2025\/01\/AGO.png\" class=\"attachment-full size-full wp-image-26834\" alt=\"\" srcset=\"https:\/\/tirallongues.cat\/wp-content\/uploads\/2025\/01\/AGO.png 567w, https:\/\/tirallongues.cat\/wp-content\/uploads\/2025\/01\/AGO-300x163.png 300w, https:\/\/tirallongues.cat\/wp-content\/uploads\/2025\/01\/AGO-18x10.png 18w\" sizes=\"(max-width: 567px) 100vw, 567px\" title=\"\"><\/div><\/a>\n\t\t\t\t<div class=\"elementor-post__text\">\n\t\t\t\t<h3 class=\"elementor-post__title\">\n\t\t\t<a href=\"https:\/\/tirallongues.cat\/es\/estrenem-noves-juntes-directiva-i-tecnica\/\">\n\t\t\t\tESTRENAMOS NUEVAS JUNTAS DIRECTIVA Y T\u00c9CNICA\t\t\t<\/a>\n\t\t<\/h3>\n\t\t\t\t<div class=\"elementor-post__excerpt\">\n\t\t\t<p>En la Asamblea General Ordinaria, celebrada el viernes 10 de enero de 2025 en el local de Tirallongues, salieron elegidas las<\/p>\n\t\t<\/div>\n\t\t\t\t\t<div class=\"elementor-post__read-more-wrapper\">\n\t\t\n\t\t<a class=\"elementor-post__read-more\" href=\"https:\/\/tirallongues.cat\/es\/estrenem-noves-juntes-directiva-i-tecnica\/\" aria-label=\"M\u00e1s informaci\u00f3n sobre ESTRENEM NOVES JUNTES DIRECTIVA I T\u00c8CNICA\" tabindex=\"-1\">\n\t\t\t Leer m\u00e1s \u00bb\t\t<\/a>\n\n\t\t\t\t\t<\/div>\n\t\t\t\t<\/div>\n\t\t\t\t<div class=\"elementor-post__meta-data\">\n\t\t\t\t\t<span class=\"elementor-post-date\">\n\t\t\t11\/01\/2025\t\t<\/span>\n\t\t\t\t<\/div>\n\t\t\t\t\t<\/div>\n\t\t<\/article>\n\t\t\t\t<article class=\"elementor-post elementor-grid-item post-26760 post type-post status-publish format-standard has-post-thumbnail hentry category-uncategorized\">\n\t\t\t<div class=\"elementor-post__card\">\n\t\t\t\t<a class=\"elementor-post__thumbnail__link\" href=\"https:\/\/tirallongues.cat\/es\/una-gran-diada-per-acabar-la-temporada\/\" tabindex=\"-1\"><div class=\"elementor-post__thumbnail\"><img decoding=\"async\" width=\"921\" height=\"2048\" src=\"https:\/\/tirallongues.cat\/wp-content\/uploads\/2024\/11\/Foto-40-1.jpeg\" class=\"attachment-full size-full wp-image-26784\" alt=\"\" srcset=\"https:\/\/tirallongues.cat\/wp-content\/uploads\/2024\/11\/Foto-40-1.jpeg 921w, https:\/\/tirallongues.cat\/wp-content\/uploads\/2024\/11\/Foto-40-1-135x300.jpeg 135w, https:\/\/tirallongues.cat\/wp-content\/uploads\/2024\/11\/Foto-40-1-461x1024.jpeg 461w, https:\/\/tirallongues.cat\/wp-content\/uploads\/2024\/11\/Foto-40-1-768x1708.jpeg 768w, https:\/\/tirallongues.cat\/wp-content\/uploads\/2024\/11\/Foto-40-1-691x1536.jpeg 691w, https:\/\/tirallongues.cat\/wp-content\/uploads\/2024\/11\/Foto-40-1-5x12.jpeg 5w\" sizes=\"(max-width: 921px) 100vw, 921px\" title=\"\"><\/div><\/a>\n\t\t\t\t<div class=\"elementor-post__text\">\n\t\t\t\t<h3 class=\"elementor-post__title\">\n\t\t\t<a href=\"https:\/\/tirallongues.cat\/es\/una-gran-diada-per-acabar-la-temporada\/\">\n\t\t\t\tUNA GRAN DIADA PARA TERMINAR LA TEMPORADA\t\t\t<\/a>\n\t\t<\/h3>\n\t\t\t\t<div class=\"elementor-post__excerpt\">\n\t\t\t<p>El fin de semana de la Diada nos ha dejado muy buenas sensaciones y satisfacci\u00f3n a toda la familia Tirallongues.<\/p>\n\t\t<\/div>\n\t\t\t\t\t<div class=\"elementor-post__read-more-wrapper\">\n\t\t\n\t\t<a class=\"elementor-post__read-more\" href=\"https:\/\/tirallongues.cat\/es\/una-gran-diada-per-acabar-la-temporada\/\" aria-label=\"M\u00e1s informaci\u00f3n sobre UNA GRAN DIADA PER ACABAR LA TEMPORADA\" tabindex=\"-1\">\n\t\t\t Leer m\u00e1s \u00bb\t\t<\/a>\n\n\t\t\t\t\t<\/div>\n\t\t\t\t<\/div>\n\t\t\t\t<div class=\"elementor-post__meta-data\">\n\t\t\t\t\t<span class=\"elementor-post-date\">\n\t\t\t16\/11\/2024\t\t<\/span>\n\t\t\t\t<\/div>\n\t\t\t\t\t<\/div>\n\t\t<\/article>\n\t\t\t\t<article class=\"elementor-post elementor-grid-item post-26753 post type-post status-publish format-standard has-post-thumbnail hentry category-uncategorized\">\n\t\t\t<div class=\"elementor-post__card\">\n\t\t\t\t<a class=\"elementor-post__thumbnail__link\" href=\"https:\/\/tirallongues.cat\/es\/la-diada-de-tirallongues-es-podra-seguir-per-la-xarxa-de-televisions-locals\/\" tabindex=\"-1\"><div class=\"elementor-post__thumbnail\"><img decoding=\"async\" width=\"773\" height=\"190\" src=\"https:\/\/tirallongues.cat\/wp-content\/uploads\/2024\/11\/la-Xarxa-1.png\" class=\"attachment-full size-full wp-image-26756\" alt=\"\" srcset=\"https:\/\/tirallongues.cat\/wp-content\/uploads\/2024\/11\/la-Xarxa-1.png 773w, https:\/\/tirallongues.cat\/wp-content\/uploads\/2024\/11\/la-Xarxa-1-300x74.png 300w, https:\/\/tirallongues.cat\/wp-content\/uploads\/2024\/11\/la-Xarxa-1-768x189.png 768w, https:\/\/tirallongues.cat\/wp-content\/uploads\/2024\/11\/la-Xarxa-1-18x4.png 18w\" sizes=\"(max-width: 773px) 100vw, 773px\" title=\"\"><\/div><\/a>\n\t\t\t\t<div class=\"elementor-post__text\">\n\t\t\t\t<h3 class=\"elementor-post__title\">\n\t\t\t<a href=\"https:\/\/tirallongues.cat\/es\/la-diada-de-tirallongues-es-podra-seguir-per-la-xarxa-de-televisions-locals\/\">\n\t\t\t\tLA DIADA DE TIRALLONGUES SE PODR\u00c1 SEGUIR EN DIRECTO POR LA RED DE TELEVISIONES LOCALES\t\t\t<\/a>\n\t\t<\/h3>\n\t\t\t\t<div class=\"elementor-post__excerpt\">\n\t\t\t<p>Este a\u00f1o la Diada de Tirallongues forma parte de las actuaciones elegidas por la Red de televisiones locales para realizar la<\/p>\n\t\t<\/div>\n\t\t\t\t\t<div class=\"elementor-post__read-more-wrapper\">\n\t\t\n\t\t<a class=\"elementor-post__read-more\" href=\"https:\/\/tirallongues.cat\/es\/la-diada-de-tirallongues-es-podra-seguir-per-la-xarxa-de-televisions-locals\/\" aria-label=\"M\u00e1s informaci\u00f3n sobre LA DIADA DE TIRALLONGUES ES PODR\u00c0 SEGUIR EN DIRECTE PER LA XARXA DE TELEVISIONS LOCALS\" tabindex=\"-1\">\n\t\t\t Leer m\u00e1s \u00bb\t\t<\/a>\n\n\t\t\t\t\t<\/div>\n\t\t\t\t<\/div>\n\t\t\t\t<div class=\"elementor-post__meta-data\">\n\t\t\t\t\t<span class=\"elementor-post-date\">\n\t\t\t08\/11\/2024\t\t<\/span>\n\t\t\t\t<\/div>\n\t\t\t\t\t<\/div>\n\t\t<\/article>\n\t\t\t\t<article class=\"elementor-post elementor-grid-item post-26751 post type-post status-publish format-standard has-post-thumbnail hentry category-uncategorized\">\n\t\t\t<div class=\"elementor-post__card\">\n\t\t\t\t<a class=\"elementor-post__thumbnail__link\" href=\"https:\/\/tirallongues.cat\/es\/es-cancel%c2%b7la-la-sortida-a-andorra-per-la-diada-dels-castellers-dandorra\/\" tabindex=\"-1\"><div class=\"elementor-post__thumbnail\"><img loading=\"lazy\" decoding=\"async\" width=\"1846\" height=\"1846\" src=\"https:\/\/tirallongues.cat\/wp-content\/uploads\/2024\/11\/LOGO-Andorra.jpg\" class=\"attachment-full size-full wp-image-26758\" alt=\"\" srcset=\"https:\/\/tirallongues.cat\/wp-content\/uploads\/2024\/11\/LOGO-Andorra.jpg 1846w, https:\/\/tirallongues.cat\/wp-content\/uploads\/2024\/11\/LOGO-Andorra-300x300.jpg 300w, https:\/\/tirallongues.cat\/wp-content\/uploads\/2024\/11\/LOGO-Andorra-1024x1024.jpg 1024w, https:\/\/tirallongues.cat\/wp-content\/uploads\/2024\/11\/LOGO-Andorra-150x150.jpg 150w, https:\/\/tirallongues.cat\/wp-content\/uploads\/2024\/11\/LOGO-Andorra-768x768.jpg 768w, https:\/\/tirallongues.cat\/wp-content\/uploads\/2024\/11\/LOGO-Andorra-1536x1536.jpg 1536w, https:\/\/tirallongues.cat\/wp-content\/uploads\/2024\/11\/LOGO-Andorra-12x12.jpg 12w\" sizes=\"(max-width: 1846px) 100vw, 1846px\" title=\"\"><\/div><\/a>\n\t\t\t\t<div class=\"elementor-post__text\">\n\t\t\t\t<h3 class=\"elementor-post__title\">\n\t\t\t<a href=\"https:\/\/tirallongues.cat\/es\/es-cancel%c2%b7la-la-sortida-a-andorra-per-la-diada-dels-castellers-dandorra\/\">\n\t\t\t\tSE CANCELA LA SALIDA A ANDORRA POR LA DIADA DE LOS CASTILLERO DE ANDORRA\t\t\t<\/a>\n\t\t<\/h3>\n\t\t\t\t<div class=\"elementor-post__excerpt\">\n\t\t\t<p>La salida a Andorra para participar en la Diada de los Castellers de Andorra se ha cancelado y no participaremos en la Diada<\/p>\n\t\t<\/div>\n\t\t\t\t\t<div class=\"elementor-post__read-more-wrapper\">\n\t\t\n\t\t<a class=\"elementor-post__read-more\" href=\"https:\/\/tirallongues.cat\/es\/es-cancel%c2%b7la-la-sortida-a-andorra-per-la-diada-dels-castellers-dandorra\/\" aria-label=\"M\u00e1s informaci\u00f3n sobre ES CANCEL\u00b7LA LA SORTIDA A ANDORRA PER LA DIADA DELS CASTELLERS D&#8217;ANDORRA\" tabindex=\"-1\">\n\t\t\t Leer m\u00e1s \u00bb\t\t<\/a>\n\n\t\t\t\t\t<\/div>\n\t\t\t\t<\/div>\n\t\t\t\t<div class=\"elementor-post__meta-data\">\n\t\t\t\t\t<span class=\"elementor-post-date\">\n\t\t\t08\/11\/2024\t\t<\/span>\n\t\t\t\t<\/div>\n\t\t\t\t\t<\/div>\n\t\t<\/article>\n\t\t\t\t<article class=\"elementor-post elementor-grid-item post-26747 post type-post status-publish format-standard has-post-thumbnail hentry category-uncategorized\">\n\t\t\t<div class=\"elementor-post__card\">\n\t\t\t\t<a class=\"elementor-post__thumbnail__link\" href=\"https:\/\/tirallongues.cat\/es\/vigilies-i-diada-de-tirallongues-de-manresa\/\" tabindex=\"-1\"><div class=\"elementor-post__thumbnail\"><img loading=\"lazy\" decoding=\"async\" width=\"842\" height=\"1190\" src=\"https:\/\/tirallongues.cat\/wp-content\/uploads\/2024\/10\/Cartell-Sant-Marti-2024_001.jpg\" class=\"attachment-full size-full wp-image-26749\" alt=\"\" srcset=\"https:\/\/tirallongues.cat\/wp-content\/uploads\/2024\/10\/Cartell-Sant-Marti-2024_001.jpg 842w, https:\/\/tirallongues.cat\/wp-content\/uploads\/2024\/10\/Cartell-Sant-Marti-2024_001-212x300.jpg 212w, https:\/\/tirallongues.cat\/wp-content\/uploads\/2024\/10\/Cartell-Sant-Marti-2024_001-725x1024.jpg 725w, https:\/\/tirallongues.cat\/wp-content\/uploads\/2024\/10\/Cartell-Sant-Marti-2024_001-768x1085.jpg 768w, https:\/\/tirallongues.cat\/wp-content\/uploads\/2024\/10\/Cartell-Sant-Marti-2024_001-8x12.jpg 8w\" sizes=\"(max-width: 842px) 100vw, 842px\" title=\"\"><\/div><\/a>\n\t\t\t\t<div class=\"elementor-post__text\">\n\t\t\t\t<h3 class=\"elementor-post__title\">\n\t\t\t<a href=\"https:\/\/tirallongues.cat\/es\/vigilies-i-diada-de-tirallongues-de-manresa\/\">\n\t\t\t\tV\u00cdLIAS Y DIADA DE TIRALLONGUES DE MANRESA\t\t\t<\/a>\n\t\t<\/h3>\n\t\t\t\t<div class=\"elementor-post__excerpt\">\n\t\t\t<p>Presentamos el cartel de Vigilias y Diada de Tirallongues de Manresa. Este a\u00f1o, s\u00e1bado por v\u00edsperas, actuaremos con los Malfargats del<\/p>\n\t\t<\/div>\n\t\t\t\t\t<div class=\"elementor-post__read-more-wrapper\">\n\t\t\n\t\t<a class=\"elementor-post__read-more\" href=\"https:\/\/tirallongues.cat\/es\/vigilies-i-diada-de-tirallongues-de-manresa\/\" aria-label=\"M\u00e1s informaci\u00f3n sobre VIG\u00cdLIES I DIADA DE TIRALLONGUES DE MANRESA\" tabindex=\"-1\">\n\t\t\t Leer m\u00e1s \u00bb\t\t<\/a>\n\n\t\t\t\t\t<\/div>\n\t\t\t\t<\/div>\n\t\t\t\t<div class=\"elementor-post__meta-data\">\n\t\t\t\t\t<span class=\"elementor-post-date\">\n\t\t\t31\/10\/2024\t\t<\/span>\n\t\t\t\t<\/div>\n\t\t\t\t\t<\/div>\n\t\t<\/article>\n\t\t\t\t<article class=\"elementor-post elementor-grid-item post-26738 post type-post status-publish format-standard has-post-thumbnail hentry category-uncategorized\">\n\t\t\t<div class=\"elementor-post__card\">\n\t\t\t\t<a class=\"elementor-post__thumbnail__link\" href=\"https:\/\/tirallongues.cat\/es\/diada-de-fira-mediterrania\/\" tabindex=\"-1\"><div class=\"elementor-post__thumbnail\"><img loading=\"lazy\" decoding=\"async\" width=\"892\" height=\"1600\" src=\"https:\/\/tirallongues.cat\/wp-content\/uploads\/2024\/10\/Foto-1-1.jpg\" class=\"attachment-full size-full wp-image-26745\" alt=\"\" srcset=\"https:\/\/tirallongues.cat\/wp-content\/uploads\/2024\/10\/Foto-1-1.jpg 892w, https:\/\/tirallongues.cat\/wp-content\/uploads\/2024\/10\/Foto-1-1-167x300.jpg 167w, https:\/\/tirallongues.cat\/wp-content\/uploads\/2024\/10\/Foto-1-1-571x1024.jpg 571w, https:\/\/tirallongues.cat\/wp-content\/uploads\/2024\/10\/Foto-1-1-768x1378.jpg 768w, https:\/\/tirallongues.cat\/wp-content\/uploads\/2024\/10\/Foto-1-1-856x1536.jpg 856w, https:\/\/tirallongues.cat\/wp-content\/uploads\/2024\/10\/Foto-1-1-7x12.jpg 7w\" sizes=\"(max-width: 892px) 100vw, 892px\" title=\"\"><\/div><\/a>\n\t\t\t\t<div class=\"elementor-post__text\">\n\t\t\t\t<h3 class=\"elementor-post__title\">\n\t\t\t<a href=\"https:\/\/tirallongues.cat\/es\/diada-de-fira-mediterrania\/\">\n\t\t\t\tDIADA DE FERIA MEDITERR\u00c1NEA\t\t\t<\/a>\n\t\t<\/h3>\n\t\t\t\t<div class=\"elementor-post__excerpt\">\n\t\t\t<p>El s\u00e1bado 12 de octubre, hemos celebrado en Manresa la Diada castellera de Fira Mediterr\u00e0nia. El escenario ha sido uno de los preferidos de<\/p>\n\t\t<\/div>\n\t\t\t\t\t<div class=\"elementor-post__read-more-wrapper\">\n\t\t\n\t\t<a class=\"elementor-post__read-more\" href=\"https:\/\/tirallongues.cat\/es\/diada-de-fira-mediterrania\/\" aria-label=\"M\u00e1s informaci\u00f3n sobre DIADA DE FIRA MEDITERR\u00c0NIA\" tabindex=\"-1\">\n\t\t\t Leer m\u00e1s \u00bb\t\t<\/a>\n\n\t\t\t\t\t<\/div>\n\t\t\t\t<\/div>\n\t\t\t\t<div class=\"elementor-post__meta-data\">\n\t\t\t\t\t<span class=\"elementor-post-date\">\n\t\t\t21\/10\/2024\t\t<\/span>\n\t\t\t\t<\/div>\n\t\t\t\t\t<\/div>\n\t\t<\/article>\n\t\t\t\t<article class=\"elementor-post elementor-grid-item post-26726 post type-post status-publish format-standard has-post-thumbnail hentry category-uncategorized\">\n\t\t\t<div class=\"elementor-post__card\">\n\t\t\t\t<a class=\"elementor-post__thumbnail__link\" href=\"https:\/\/tirallongues.cat\/es\/26ena-posicio-al-concurs-de-castells\/\" tabindex=\"-1\"><div class=\"elementor-post__thumbnail\"><img loading=\"lazy\" decoding=\"async\" width=\"575\" height=\"1063\" src=\"https:\/\/tirallongues.cat\/wp-content\/uploads\/2024\/10\/Foto-29.jpg\" class=\"attachment-full size-full wp-image-26735\" alt=\"\" srcset=\"https:\/\/tirallongues.cat\/wp-content\/uploads\/2024\/10\/Foto-29.jpg 575w, https:\/\/tirallongues.cat\/wp-content\/uploads\/2024\/10\/Foto-29-162x300.jpg 162w, https:\/\/tirallongues.cat\/wp-content\/uploads\/2024\/10\/Foto-29-554x1024.jpg 554w, https:\/\/tirallongues.cat\/wp-content\/uploads\/2024\/10\/Foto-29-6x12.jpg 6w\" sizes=\"(max-width: 575px) 100vw, 575px\" title=\"\"><\/div><\/a>\n\t\t\t\t<div class=\"elementor-post__text\">\n\t\t\t\t<h3 class=\"elementor-post__title\">\n\t\t\t<a href=\"https:\/\/tirallongues.cat\/es\/26ena-posicio-al-concurs-de-castells\/\">\n\t\t\t\t26\u00aa POSICI\u00d3N EN EL CONCURSO DE CASTILLOS\t\t\t<\/a>\n\t\t<\/h3>\n\t\t\t\t<div class=\"elementor-post__excerpt\">\n\t\t\t<p>El s\u00e1bado 5 de octubre, participamos en la edici\u00f3n del s\u00e1bado del XXVIX Concurso de castillos de Tarragona. Ha sido un d\u00eda<\/p>\n\t\t<\/div>\n\t\t\t\t\t<div class=\"elementor-post__read-more-wrapper\">\n\t\t\n\t\t<a class=\"elementor-post__read-more\" href=\"https:\/\/tirallongues.cat\/es\/26ena-posicio-al-concurs-de-castells\/\" aria-label=\"M\u00e1s informaci\u00f3n sobre 26ena POSICI\u00d3 AL CONCURS DE CASTELLS\" tabindex=\"-1\">\n\t\t\t Leer m\u00e1s \u00bb\t\t<\/a>\n\n\t\t\t\t\t<\/div>\n\t\t\t\t<\/div>\n\t\t\t\t<div class=\"elementor-post__meta-data\">\n\t\t\t\t\t<span class=\"elementor-post-date\">\n\t\t\t09\/10\/2024\t\t<\/span>\n\t\t\t\t<\/div>\n\t\t\t\t\t<\/div>\n\t\t<\/article>\n\t\t\t\t<article class=\"elementor-post elementor-grid-item post-26718 post type-post status-publish format-standard has-post-thumbnail hentry category-uncategorized\">\n\t\t\t<div class=\"elementor-post__card\">\n\t\t\t\t<a class=\"elementor-post__thumbnail__link\" href=\"https:\/\/tirallongues.cat\/es\/vine-al-concurs-de-castells-amb-tirallongues\/\" tabindex=\"-1\"><div class=\"elementor-post__thumbnail\"><img loading=\"lazy\" decoding=\"async\" width=\"842\" height=\"1190\" src=\"https:\/\/tirallongues.cat\/wp-content\/uploads\/2024\/09\/Concurs-Tirallongues-2024_001.jpg\" class=\"attachment-full size-full wp-image-26719\" alt=\"\" srcset=\"https:\/\/tirallongues.cat\/wp-content\/uploads\/2024\/09\/Concurs-Tirallongues-2024_001.jpg 842w, https:\/\/tirallongues.cat\/wp-content\/uploads\/2024\/09\/Concurs-Tirallongues-2024_001-212x300.jpg 212w, https:\/\/tirallongues.cat\/wp-content\/uploads\/2024\/09\/Concurs-Tirallongues-2024_001-725x1024.jpg 725w, https:\/\/tirallongues.cat\/wp-content\/uploads\/2024\/09\/Concurs-Tirallongues-2024_001-768x1085.jpg 768w, https:\/\/tirallongues.cat\/wp-content\/uploads\/2024\/09\/Concurs-Tirallongues-2024_001-8x12.jpg 8w\" sizes=\"(max-width: 842px) 100vw, 842px\" title=\"\"><\/div><\/a>\n\t\t\t\t<div class=\"elementor-post__text\">\n\t\t\t\t<h3 class=\"elementor-post__title\">\n\t\t\t<a href=\"https:\/\/tirallongues.cat\/es\/vine-al-concurs-de-castells-amb-tirallongues\/\">\n\t\t\t\tVEN AL CONCURSO DE CASTILLOS CON TIRALLONGUES!!\t\t\t<\/a>\n\t\t<\/h3>\n\t\t\t\t<div class=\"elementor-post__excerpt\">\n\t\t\t<p>\u00a1Hola! Ante todo, te damos la bienvenida al fascinante mundo de los castells, una de las tradiciones m\u00e1s arraigadas de la<\/p>\n\t\t<\/div>\n\t\t\t\t\t<div class=\"elementor-post__read-more-wrapper\">\n\t\t\n\t\t<a class=\"elementor-post__read-more\" href=\"https:\/\/tirallongues.cat\/es\/vine-al-concurs-de-castells-amb-tirallongues\/\" aria-label=\"M\u00e1s informaci\u00f3n sobre VINE AL CONCURS DE CASTELLS AMB TIRALLONGUES!!\" tabindex=\"-1\">\n\t\t\t Leer m\u00e1s \u00bb\t\t<\/a>\n\n\t\t\t\t\t<\/div>\n\t\t\t\t<\/div>\n\t\t\t\t<div class=\"elementor-post__meta-data\">\n\t\t\t\t\t<span class=\"elementor-post-date\">\n\t\t\t25\/09\/2024\t\t<\/span>\n\t\t\t\t<\/div>\n\t\t\t\t\t<\/div>\n\t\t<\/article>\n\t\t\t\t<article class=\"elementor-post elementor-grid-item post-26689 post type-post status-publish format-standard has-post-thumbnail hentry category-uncategorized\">\n\t\t\t<div class=\"elementor-post__card\">\n\t\t\t\t<a class=\"elementor-post__thumbnail__link\" href=\"https:\/\/tirallongues.cat\/es\/millor-diada-de-la-temporada-i-3-8-a-tocar\/\" tabindex=\"-1\"><div class=\"elementor-post__thumbnail\"><img loading=\"lazy\" decoding=\"async\" width=\"1920\" height=\"2560\" src=\"https:\/\/tirallongues.cat\/wp-content\/uploads\/2024\/09\/Foto-2-scaled.jpg\" class=\"attachment-full size-full wp-image-26699\" alt=\"\" srcset=\"https:\/\/tirallongues.cat\/wp-content\/uploads\/2024\/09\/Foto-2-scaled.jpg 1920w, https:\/\/tirallongues.cat\/wp-content\/uploads\/2024\/09\/Foto-2-225x300.jpg 225w, https:\/\/tirallongues.cat\/wp-content\/uploads\/2024\/09\/Foto-2-768x1024.jpg 768w, https:\/\/tirallongues.cat\/wp-content\/uploads\/2024\/09\/Foto-2-1152x1536.jpg 1152w, https:\/\/tirallongues.cat\/wp-content\/uploads\/2024\/09\/Foto-2-1536x2048.jpg 1536w, https:\/\/tirallongues.cat\/wp-content\/uploads\/2024\/09\/Foto-2-9x12.jpg 9w\" sizes=\"(max-width: 1920px) 100vw, 1920px\" title=\"\"><\/div><\/a>\n\t\t\t\t<div class=\"elementor-post__text\">\n\t\t\t\t<h3 class=\"elementor-post__title\">\n\t\t\t<a href=\"https:\/\/tirallongues.cat\/es\/millor-diada-de-la-temporada-i-3-8-a-tocar\/\">\n\t\t\t\tMEJOR DIADA DE LA TEMPORADA Y 3\/8 \u00a1A TOCAR!\t\t\t<\/a>\n\t\t<\/h3>\n\t\t\t\t<div class=\"elementor-post__excerpt\">\n\t\t\t<p>La Diada Castellera de Fiesta Mayor, el pasado d\u00eda 1 de septiembre, nos ha dejado la mejor actuaci\u00f3n de la<\/p>\n\t\t<\/div>\n\t\t\t\t\t<div class=\"elementor-post__read-more-wrapper\">\n\t\t\n\t\t<a class=\"elementor-post__read-more\" href=\"https:\/\/tirallongues.cat\/es\/millor-diada-de-la-temporada-i-3-8-a-tocar\/\" aria-label=\"M\u00e1s informaci\u00f3n sobre MILLOR DIADA DE LA TEMPORADA I 3\/8 A TOCAR!\" tabindex=\"-1\">\n\t\t\t Leer m\u00e1s \u00bb\t\t<\/a>\n\n\t\t\t\t\t<\/div>\n\t\t\t\t<\/div>\n\t\t\t\t<div class=\"elementor-post__meta-data\">\n\t\t\t\t\t<span class=\"elementor-post-date\">\n\t\t\t03\/09\/2024\t\t<\/span>\n\t\t\t\t<\/div>\n\t\t\t\t\t<\/div>\n\t\t<\/article>\n\t\t\t\t<\/div>\n\t\t\n\t\t\t\t<div class=\"e-load-more-anchor\" data-page=\"1\" data-max-page=\"9\" data-next-page=\"https:\/\/tirallongues.cat\/es\/wp-json\/wp\/v2\/pages\/25930\/page\/2\/\"><\/div>\n\t\t\t\t<nav class=\"elementor-pagination\" aria-label=\"Paginaci\u00f3n\">\n\t\t\t<span class=\"page-numbers prev\">\u00ab Anterior<\/span>\n<span aria-current=\"page\" class=\"page-numbers current\"><span class=\"elementor-screen-only\">P\u00e1gina<\/span>1<\/span>\n<a class=\"page-numbers\" href=\"https:\/\/tirallongues.cat\/es\/wp-json\/wp\/v2\/pages\/25930\/page\/2\/\"><span class=\"elementor-screen-only\">P\u00e1gina<\/span>2<\/a>\n<a class=\"page-numbers\" href=\"https:\/\/tirallongues.cat\/es\/wp-json\/wp\/v2\/pages\/25930\/page\/3\/\"><span class=\"elementor-screen-only\">P\u00e1gina<\/span>3<\/a>\n<span class=\"page-numbers dots\">&hellip;<\/span>\n<a class=\"page-numbers\" href=\"https:\/\/tirallongues.cat\/es\/wp-json\/wp\/v2\/pages\/25930\/page\/9\/\"><span class=\"elementor-screen-only\">P\u00e1gina<\/span>9<\/a>\n<a class=\"page-numbers next\" href=\"https:\/\/tirallongues.cat\/es\/wp-json\/wp\/v2\/pages\/25930\/page\/2\/\">Siguiente \u00bb<\/a>\t\t<\/nav>\n\t\t\t\t\t\t<\/div>\n\t\t\t\t<\/div>\n\t\t\t\t\t<\/div>\n\t\t\t\t<\/div>\n\t\t\t\t<\/div>","protected":false},"excerpt":{"rendered":"<p>NOTICIAS<\/p>","protected":false},"author":1,"featured_media":0,"parent":0,"menu_order":0,"comment_status":"closed","ping_status":"closed","template":"","meta":{"_acf_changed":false,"site-sidebar-layout":"no-sidebar","site-content-layout":"page-builder","ast-site-content-layout":"full-width-container","site-content-style":"default","site-sidebar-style":"default","ast-global-header-display":"","ast-banner-title-visibility":"","ast-main-header-display":"","ast-hfb-above-header-display":"","ast-hfb-below-header-display":"","ast-hfb-mobile-header-display":"","site-post-title":"disabled","ast-breadcrumbs-content":"","ast-featured-img":"disabled","footer-sml-layout":"","theme-transparent-header-meta":"","adv-header-id-meta":"","stick-header-meta":"","header-above-stick-meta":"","header-main-stick-meta":"","header-below-stick-meta":"","astra-migrate-meta-layouts":"set","ast-page-background-enabled":"default","ast-page-background-meta":{"desktop":{"background-color":"","background-image":"","background-repeat":"repeat","background-position":"center center","background-size":"auto","background-attachment":"scroll","background-type":"","background-media":"","overlay-type":"","overlay-color":"","overlay-opacity":"","overlay-gradient":""},"tablet":{"background-color":"","background-image":"","background-repeat":"repeat","background-position":"center center","background-size":"auto","background-attachment":"scroll","background-type":"","background-media":"","overlay-type":"","overlay-color":"","overlay-opacity":"","overlay-gradient":""},"mobile":{"background-color":"","background-image":"","background-repeat":"repeat","background-position":"center center","background-size":"auto","background-attachment":"scroll","background-type":"","background-media":"","overlay-type":"","overlay-color":"","overlay-opacity":"","overlay-gradient":""}},"ast-content-background-meta":{"desktop":{"background-color":"var(--ast-global-color-5)","background-image":"","background-repeat":"repeat","background-position":"center center","background-size":"auto","background-attachment":"scroll","background-type":"","background-media":"","overlay-type":"","overlay-color":"","overlay-opacity":"","overlay-gradient":""},"tablet":{"background-color":"var(--ast-global-color-5)","background-image":"","background-repeat":"repeat","background-position":"center center","background-size":"auto","background-attachment":"scroll","background-type":"","background-media":"","overlay-type":"","overlay-color":"","overlay-opacity":"","overlay-gradient":""},"mobile":{"background-color":"var(--ast-global-color-5)","background-image":"","background-repeat":"repeat","background-position":"center center","background-size":"auto","background-attachment":"scroll","background-type":"","background-media":"","overlay-type":"","overlay-color":"","overlay-opacity":"","overlay-gradient":""}},"footnotes":""},"class_list":["post-25930","page","type-page","status-publish","hentry"],"acf":[],"_links":{"self":[{"href":"https:\/\/tirallongues.cat\/es\/wp-json\/wp\/v2\/pages\/25930","targetHints":{"allow":["GET"]}}],"collection":[{"href":"https:\/\/tirallongues.cat\/es\/wp-json\/wp\/v2\/pages"}],"about":[{"href":"https:\/\/tirallongues.cat\/es\/wp-json\/wp\/v2\/types\/page"}],"author":[{"embeddable":true,"href":"https:\/\/tirallongues.cat\/es\/wp-json\/wp\/v2\/users\/1"}],"replies":[{"embeddable":true,"href":"https:\/\/tirallongues.cat\/es\/wp-json\/wp\/v2\/comments?post=25930"}],"version-history":[{"count":5,"href":"https:\/\/tirallongues.cat\/es\/wp-json\/wp\/v2\/pages\/25930\/revisions"}],"predecessor-version":[{"id":26583,"href":"https:\/\/tirallongues.cat\/es\/wp-json\/wp\/v2\/pages\/25930\/revisions\/26583"}],"wp:attachment":[{"href":"https:\/\/tirallongues.cat\/es\/wp-json\/wp\/v2\/media?parent=25930"}],"curies":[{"name":"wp","href":"https:\/\/api.w.org\/{rel}","templated":true}]}}