{"id":26490,"date":"2024-07-15T08:29:01","date_gmt":"2024-07-15T06:29:01","guid":{"rendered":"https:\/\/white-lemur-184173.hostingersite.com\/?page_id=26490"},"modified":"2025-01-19T10:30:06","modified_gmt":"2025-01-19T09:30:06","slug":"grallers-i-tabalers","status":"publish","type":"page","link":"https:\/\/tirallongues.cat\/es\/grallers-i-tabalers\/","title":{"rendered":"Grallers y tamborileros"},"content":{"rendered":"<div data-elementor-type=\"wp-page\" data-elementor-id=\"26490\" class=\"elementor elementor-26490\" data-elementor-post-type=\"page\">\n\t\t\t\t<div class=\"elementor-element elementor-element-503312d e-flex e-con-boxed e-con e-parent\" data-id=\"503312d\" data-element_type=\"container\" data-e-type=\"container\" data-settings=\"{&quot;background_background&quot;:&quot;classic&quot;}\">\n\t\t\t\t\t<div class=\"e-con-inner\">\n\t\t\t\t<div class=\"elementor-element elementor-element-0c6f943 elementor-widget elementor-widget-heading\" data-id=\"0c6f943\" data-element_type=\"widget\" data-e-type=\"widget\" data-widget_type=\"heading.default\">\n\t\t\t\t<div class=\"elementor-widget-container\">\n\t\t\t\t\t<h1 class=\"elementor-heading-title elementor-size-default\">GRALLERS <br>\nY TABALERS<\/h1>\t\t\t\t<\/div>\n\t\t\t\t<\/div>\n\t\t\t\t\t<\/div>\n\t\t\t\t<\/div>\n\t\t<div class=\"elementor-element elementor-element-85eac07 e-flex e-con-boxed e-con e-parent\" data-id=\"85eac07\" data-element_type=\"container\" data-e-type=\"container\" data-settings=\"{&quot;background_background&quot;:&quot;classic&quot;,&quot;shape_divider_bottom&quot;:&quot;waves&quot;}\">\n\t\t\t\t\t<div class=\"e-con-inner\">\n\t\t\t\t<div class=\"elementor-shape elementor-shape-bottom\" aria-hidden=\"true\" data-negative=\"false\">\n\t\t\t<svg xmlns=\"http:\/\/www.w3.org\/2000\/svg\" viewbox=\"0 0 1000 100\" preserveaspectratio=\"none\">\n\t<path class=\"elementor-shape-fill\" d=\"M421.9,6.5c22.6-2.5,51.5,0.4,75.5,5.3c23.6,4.9,70.9,23.5,100.5,35.7c75.8,32.2,133.7,44.5,192.6,49.7\tc23.6,2.1,48.7,3.5,103.4-2.5c54.7-6,106.2-25.6,106.2-25.6V0H0v30.3c0,0,72,32.6,158.4,30.5c39.2-0.7,92.8-6.7,134-22.4\tc21.2-8.1,52.2-18.2,79.7-24.2C399.3,7.9,411.6,7.5,421.9,6.5z\"\/>\n<\/svg>\t\t<\/div>\n\t\t<div class=\"elementor-element elementor-element-79e210a e-con-full e-flex e-con e-child\" data-id=\"79e210a\" data-element_type=\"container\" data-e-type=\"container\">\n\t\t<div class=\"elementor-element elementor-element-a0c190b e-con-full e-flex e-con e-child\" data-id=\"a0c190b\" data-element_type=\"container\" data-e-type=\"container\">\n\t\t\t\t<div class=\"elementor-element elementor-element-45d33d3 elementor-widget elementor-widget-image\" data-id=\"45d33d3\" data-element_type=\"widget\" data-e-type=\"widget\" data-widget_type=\"image.default\">\n\t\t\t\t<div class=\"elementor-widget-container\">\n\t\t\t\t\t\t\t\t\t\t\t\t\t\t\t<img fetchpriority=\"high\" decoding=\"async\" width=\"1536\" height=\"1870\" src=\"https:\/\/tirallongues.cat\/wp-content\/uploads\/2024\/07\/grallers-e1721025469944.png\" class=\"attachment-full size-full wp-image-26501\" alt=\"\" srcset=\"https:\/\/tirallongues.cat\/wp-content\/uploads\/2024\/07\/grallers-e1721025469944.png 1536w, https:\/\/tirallongues.cat\/wp-content\/uploads\/2024\/07\/grallers-e1721025469944-246x300.png 246w, https:\/\/tirallongues.cat\/wp-content\/uploads\/2024\/07\/grallers-e1721025469944-841x1024.png 841w, https:\/\/tirallongues.cat\/wp-content\/uploads\/2024\/07\/grallers-e1721025469944-768x935.png 768w, https:\/\/tirallongues.cat\/wp-content\/uploads\/2024\/07\/grallers-e1721025469944-1262x1536.png 1262w, https:\/\/tirallongues.cat\/wp-content\/uploads\/2024\/07\/grallers-e1721025469944-10x12.png 10w\" sizes=\"(max-width: 1536px) 100vw, 1536px\" title=\"\">\t\t\t\t\t\t\t\t\t\t\t\t\t\t\t<\/div>\n\t\t\t\t<\/div>\n\t\t\t\t<\/div>\n\t\t\t\t<\/div>\n\t\t<div class=\"elementor-element elementor-element-47b2914 e-con-full e-flex e-con e-child\" data-id=\"47b2914\" data-element_type=\"container\" data-e-type=\"container\">\n\t\t<div class=\"elementor-element elementor-element-e9b337d e-flex e-con-boxed e-con e-child\" data-id=\"e9b337d\" data-element_type=\"container\" data-e-type=\"container\" data-settings=\"{&quot;background_background&quot;:&quot;classic&quot;}\">\n\t\t\t\t\t<div class=\"e-con-inner\">\n\t\t\t\t<div class=\"elementor-element elementor-element-62fe699 elementor-vertical-align-top elementor-widget elementor-widget-image-box\" data-id=\"62fe699\" data-element_type=\"widget\" data-e-type=\"widget\" data-widget_type=\"image-box.default\">\n\t\t\t\t<div class=\"elementor-widget-container\">\n\t\t\t\t\t<div class=\"elementor-image-box-wrapper\"><div class=\"elementor-image-box-content\"><h2 class=\"elementor-image-box-title\">Ensayos<\/h2><p class=\"elementor-image-box-description\">El grupo de Grallers y Tabalers de la Colla Castellera Tirallongues de Manresa es el alma musical que acompa\u00f1a a nuestras actuaciones. Ensayamos todos los viernes de 18h a 20h en nuestro local, donde nos preparamos para dar ritmo y energ\u00eda a nuestros castells.<\/p><\/div><\/div>\t\t\t\t<\/div>\n\t\t\t\t<\/div>\n\t\t\t\t<div class=\"elementor-element elementor-element-954f569 elementor-widget elementor-widget-heading\" data-id=\"954f569\" data-element_type=\"widget\" data-e-type=\"widget\" data-widget_type=\"heading.default\">\n\t\t\t\t<div class=\"elementor-widget-container\">\n\t\t\t\t\t<h2 class=\"elementor-heading-title elementor-size-default\">Formaci\u00f3n<\/h2>\t\t\t\t<\/div>\n\t\t\t\t<\/div>\n\t\t\t\t<div class=\"elementor-element elementor-element-57a7012 elementor-widget elementor-widget-text-editor\" data-id=\"57a7012\" data-element_type=\"widget\" data-e-type=\"widget\" data-widget_type=\"text-editor.default\">\n\t\t\t\t<div class=\"elementor-widget-container\">\n\t\t\t\t\t\t\t\t\t<p>Peri\u00f3dicamente, recibimos formaci\u00f3n del<a href=\"https:\/\/albalogansallent.blogspot.com\" target=\"_blank\" rel=\"noopener\">Alba Logan<\/a>, una especialista en m\u00fasica popular y tradicional, y reconocida int\u00e9rprete de corneja. Con su ayuda, mejoramos continuamente nuestras habilidades y aseguramos que nuestra m\u00fasica sea siempre de la mejor calidad.<\/p>\t\t\t\t\t\t\t\t<\/div>\n\t\t\t\t<\/div>\n\t\t\t\t<div class=\"elementor-element elementor-element-21c0e7f elementor-headline--style-highlight elementor-widget elementor-widget-animated-headline\" data-id=\"21c0e7f\" data-element_type=\"widget\" data-e-type=\"widget\" data-settings=\"{&quot;marker&quot;:&quot;underline_zigzag&quot;,&quot;highlighted_text&quot;:&quot;grup din\\u00e0mic i comprom\\u00e8s,&quot;,&quot;headline_style&quot;:&quot;highlight&quot;,&quot;loop&quot;:&quot;yes&quot;,&quot;highlight_animation_duration&quot;:1200,&quot;highlight_iteration_delay&quot;:8000}\" data-widget_type=\"animated-headline.default\">\n\t\t\t\t<div class=\"elementor-widget-container\">\n\t\t\t\t\t\t\t<h3 class=\"elementor-headline\">\n\t\t\t\t\t<span class=\"elementor-headline-plain-text elementor-headline-text-wrapper\">Si te apasiona la m\u00fasica y quieres formar parte de uno<\/span>\n\t\t\t\t<span class=\"elementor-headline-dynamic-wrapper elementor-headline-text-wrapper\">\n\t\t\t\t\t<span class=\"elementor-headline-dynamic-text elementor-headline-text-active\">grupo din\u00e1mico y comprometido,<\/span>\n\t\t\t\t<\/span>\n\t\t\t\t\t<span class=\"elementor-headline-plain-text elementor-headline-text-wrapper\">ven a conocernos!<\/span>\n\t\t\t\t\t<\/h3>\n\t\t\t\t\t\t<\/div>\n\t\t\t\t<\/div>\n\t\t\t\t\t<\/div>\n\t\t\t\t<\/div>\n\t\t\t\t<\/div>\n\t\t\t\t\t<\/div>\n\t\t\t\t<\/div>\n\t\t<div class=\"elementor-element elementor-element-2b01c33 e-flex e-con-boxed e-con e-parent\" data-id=\"2b01c33\" data-element_type=\"container\" data-e-type=\"container\" data-settings=\"{&quot;background_background&quot;:&quot;classic&quot;,&quot;shape_divider_bottom&quot;:&quot;waves&quot;}\">\n\t\t\t\t\t<div class=\"e-con-inner\">\n\t\t\t\t<div class=\"elementor-shape elementor-shape-bottom\" aria-hidden=\"true\" data-negative=\"false\">\n\t\t\t<svg xmlns=\"http:\/\/www.w3.org\/2000\/svg\" viewbox=\"0 0 1000 100\" preserveaspectratio=\"none\">\n\t<path class=\"elementor-shape-fill\" d=\"M421.9,6.5c22.6-2.5,51.5,0.4,75.5,5.3c23.6,4.9,70.9,23.5,100.5,35.7c75.8,32.2,133.7,44.5,192.6,49.7\tc23.6,2.1,48.7,3.5,103.4-2.5c54.7-6,106.2-25.6,106.2-25.6V0H0v30.3c0,0,72,32.6,158.4,30.5c39.2-0.7,92.8-6.7,134-22.4\tc21.2-8.1,52.2-18.2,79.7-24.2C399.3,7.9,411.6,7.5,421.9,6.5z\"\/>\n<\/svg>\t\t<\/div>\n\t\t<div class=\"elementor-element elementor-element-bbd0bb4 e-con-full e-flex e-con e-child\" data-id=\"bbd0bb4\" data-element_type=\"container\" data-e-type=\"container\">\n\t\t\t\t<div class=\"elementor-element elementor-element-4caa47b elementor-widget elementor-widget-image-box\" data-id=\"4caa47b\" data-element_type=\"widget\" data-e-type=\"widget\" data-widget_type=\"image-box.default\">\n\t\t\t\t<div class=\"elementor-widget-container\">\n\t\t\t\t\t<div class=\"elementor-image-box-wrapper\"><div class=\"elementor-image-box-content\"><h2 class=\"elementor-image-box-title\">GRABACIONES Y PARTITURAS<\/h2><p class=\"elementor-image-box-description\">\u00a1Est\u00e9 al d\u00eda con las \u00faltimas grabaciones y las partituras de la Colla Castellera Tirallongues de Manresa!<\/p><\/div><\/div>\t\t\t\t<\/div>\n\t\t\t\t<\/div>\n\t\t\t\t<div class=\"elementor-element elementor-element-8f8db3b elementor-widget elementor-widget-igd_gallery\" data-id=\"8f8db3b\" data-element_type=\"widget\" data-e-type=\"widget\" data-widget_type=\"igd_gallery.default\">\n\t\t\t\t<div class=\"elementor-widget-container\">\n\t\t\t\t\t                <div class=\"igd igd-shortcode-wrap igd-shortcode-browser\"\n                     data-shortcode-data=\"eyJ1bmlxdWVJZCI6ImlnZF82NzgzNmU4NWRkMTI2IiwiaXNJbml0IjpmYWxzZSwic3RhdHVzIjoib24iLCJ0eXBlIjoiYnJvd3NlciIsImZvbGRlcnMiOlt7ImlkIjoiMTY5alFkTmtYMi1seEtfX3huNXdSWUNXbldwT1kyQTVxIiwibmFtZSI6IkZvdG9zIGdydXAiLCJ0eXBlIjoiYXBwbGljYXRpb25cL3ZuZC5nb29nbGUtYXBwcy5mb2xkZXIiLCJzaXplIjpudWxsLCJpY29uTGluayI6Imh0dHBzOlwvXC9kcml2ZS10aGlyZHBhcnR5Lmdvb2dsZXVzZXJjb250ZW50LmNvbVwvMTZcL3R5cGVcL2FwcGxpY2F0aW9uXC92bmQuZ29vZ2xlLWFwcHMuZm9sZGVyK3NoYXJlZCIsInRodW1ibmFpbExpbmsiOm51bGwsIndlYlZpZXdMaW5rIjoiaHR0cHM6XC9cL2RyaXZlLmdvb2dsZS5jb21cL2RyaXZlXC9mb2xkZXJzXC8xNjlqUWROa1gyLWx4S19feG41d1JZQ1duV3BPWTJBNXEiLCJ3ZWJDb250ZW50TGluayI6bnVsbCwiY3JlYXRlZCI6IjIwMjQtMTEtMDJUMTg6NTg6NDEuMzk3WiIsInVwZGF0ZWQiOiIyMDI0LTExLTAyVDE4OjU4OjQxLjM5N1oiLCJkZXNjcmlwdGlvbiI6bnVsbCwic2hhcmVkIjp0cnVlLCJzaGFyZWRXaXRoTWVUaW1lIjpudWxsLCJleHRlbnNpb24iOm51bGwsInJlc291cmNlS2V5IjpudWxsLCJjb3B5UmVxdWlyZXNXcml0ZXJQZXJtaXNzaW9uIjpmYWxzZSwic3RhcnJlZCI6ZmFsc2UsImV4cG9ydExpbmtzIjpudWxsLCJhY2NvdW50SWQiOiIxMTk1NTU2Nzg5OTExODAyMzEwOSIsInBhcmVudHMiOlsiMVRMTFBaUzE5TnczLXo1SXlNc1lYbG1xUHNXTDVtSHVwIl0sInBlcm1pc3Npb25zIjp7ImNhblByZXZpZXciOnRydWUsImNhbkRvd25sb2FkIjpmYWxzZSwiY2FuRWRpdCI6ZmFsc2UsImNhbkRlbGV0ZSI6ZmFsc2UsImNhblRyYXNoIjpmYWxzZSwiY2FuTW92ZSI6dHJ1ZSwiY2FuUmVuYW1lIjp0cnVlLCJjYW5TaGFyZSI6dHJ1ZSwiY29weVJlcXVpcmVzV3JpdGVyUGVybWlzc2lvbiI6ZmFsc2UsImNhbkNoYW5nZUNvcHlSZXF1aXJlc1dyaXRlclBlcm1pc3Npb24iOm51bGwsInVzZXJzIjp7ImFueW9uZVdpdGhMaW5rIjp7InR5cGUiOiJhbnlvbmUiLCJyb2xlIjoicmVhZGVyIiwiZG9tYWluIjpudWxsfSwiMTE5NTU1Njc4OTkxMTgwMjMxMDkiOnsidHlwZSI6InVzZXIiLCJyb2xlIjoid3JpdGVyIiwiZG9tYWluIjpudWxsfSwiMDgwMTIyMzA4NTIyMDc0MzkxMjciOnsidHlwZSI6InVzZXIiLCJyb2xlIjoib3duZXIiLCJkb21haW4iOm51bGx9fX0sImV4cG9ydEFzIjpbXX0seyJpZCI6IjFGREJKLUdEZ3ZMZ2l4TXJqMUNaQkw5VlZXSVhlakgwbSIsIm5hbWUiOiJHcmF2YWNpb25zIiwidHlwZSI6ImFwcGxpY2F0aW9uXC92bmQuZ29vZ2xlLWFwcHMuZm9sZGVyIiwic2l6ZSI6bnVsbCwiaWNvbkxpbmsiOiJodHRwczpcL1wvZHJpdmUtdGhpcmRwYXJ0eS5nb29nbGV1c2VyY29udGVudC5jb21cLzE2XC90eXBlXC9hcHBsaWNhdGlvblwvdm5kLmdvb2dsZS1hcHBzLmZvbGRlcitzaGFyZWQiLCJ0aHVtYm5haWxMaW5rIjpudWxsLCJ3ZWJWaWV3TGluayI6Imh0dHBzOlwvXC9kcml2ZS5nb29nbGUuY29tXC9kcml2ZVwvZm9sZGVyc1wvMUZEQkotR0RndkxnaXhNcmoxQ1pCTDlWVldJWGVqSDBtIiwid2ViQ29udGVudExpbmsiOm51bGwsImNyZWF0ZWQiOiIyMDI0LTA3LTE3VDA0OjMwOjQwLjkyNloiLCJ1cGRhdGVkIjoiMjAyNC0wNy0xN1QwNDozMDo0MC45MjZaIiwiZGVzY3JpcHRpb24iOm51bGwsInNoYXJlZCI6dHJ1ZSwic2hhcmVkV2l0aE1lVGltZSI6bnVsbCwiZXh0ZW5zaW9uIjpudWxsLCJyZXNvdXJjZUtleSI6bnVsbCwiY29weVJlcXVpcmVzV3JpdGVyUGVybWlzc2lvbiI6ZmFsc2UsInN0YXJyZWQiOmZhbHNlLCJleHBvcnRMaW5rcyI6bnVsbCwiYWNjb3VudElkIjoiMTE5NTU1Njc4OTkxMTgwMjMxMDkiLCJwYXJlbnRzIjpbIjFUTExQWlMxOU53My16NUl5TXNZWGxtcVBzV0w1bUh1cCJdLCJwZXJtaXNzaW9ucyI6eyJjYW5QcmV2aWV3Ijp0cnVlLCJjYW5Eb3dubG9hZCI6ZmFsc2UsImNhbkVkaXQiOmZhbHNlLCJjYW5EZWxldGUiOmZhbHNlLCJjYW5UcmFzaCI6ZmFsc2UsImNhbk1vdmUiOnRydWUsImNhblJlbmFtZSI6dHJ1ZSwiY2FuU2hhcmUiOnRydWUsImNvcHlSZXF1aXJlc1dyaXRlclBlcm1pc3Npb24iOmZhbHNlLCJjYW5DaGFuZ2VDb3B5UmVxdWlyZXNXcml0ZXJQZXJtaXNzaW9uIjpudWxsLCJ1c2VycyI6eyJhbnlvbmVXaXRoTGluayI6eyJ0eXBlIjoiYW55b25lIiwicm9sZSI6InJlYWRlciIsImRvbWFpbiI6bnVsbH0sIjExOTU1NTY3ODk5MTE4MDIzMTA5Ijp7InR5cGUiOiJ1c2VyIiwicm9sZSI6IndyaXRlciIsImRvbWFpbiI6bnVsbH0sIjA4MDEyMjMwODUyMjA3NDM5MTI3Ijp7InR5cGUiOiJ1c2VyIiwicm9sZSI6Im93bmVyIiwiZG9tYWluIjpudWxsfX19LCJleHBvcnRBcyI6W119LHsiaWQiOiIxanQ1djRQb0hoWmlDeWFkQWxta21JcVRDbENBWTg0UU0iLCJuYW1lIjoiUGFydGl0dXJlcyIsInR5cGUiOiJhcHBsaWNhdGlvblwvdm5kLmdvb2dsZS1hcHBzLmZvbGRlciIsInNpemUiOm51bGwsImljb25MaW5rIjoiaHR0cHM6XC9cL2RyaXZlLXRoaXJkcGFydHkuZ29vZ2xldXNlcmNvbnRlbnQuY29tXC8xNlwvdHlwZVwvYXBwbGljYXRpb25cL3ZuZC5nb29nbGUtYXBwcy5mb2xkZXIrc2hhcmVkIiwidGh1bWJuYWlsTGluayI6bnVsbCwid2ViVmlld0xpbmsiOiJodHRwczpcL1wvZHJpdmUuZ29vZ2xlLmNvbVwvZHJpdmVcL2ZvbGRlcnNcLzFqdDV2NFBvSGhaaUN5YWRBbG1rbUlxVENsQ0FZODRRTSIsIndlYkNvbnRlbnRMaW5rIjpudWxsLCJjcmVhdGVkIjoiMjAyNC0wNy0xN1QwNDozMDoyNy44NThaIiwidXBkYXRlZCI6IjIwMjQtMDctMTdUMDQ6MzA6MjcuODU4WiIsImRlc2NyaXB0aW9uIjpudWxsLCJzaGFyZWQiOnRydWUsInNoYXJlZFdpdGhNZVRpbWUiOm51bGwsImV4dGVuc2lvbiI6bnVsbCwicmVzb3VyY2VLZXkiOm51bGwsImNvcHlSZXF1aXJlc1dyaXRlclBlcm1pc3Npb24iOmZhbHNlLCJzdGFycmVkIjpmYWxzZSwiZXhwb3J0TGlua3MiOm51bGwsImFjY291bnRJZCI6IjExOTU1NTY3ODk5MTE4MDIzMTA5IiwicGFyZW50cyI6WyIxVExMUFpTMTlOdzMtejVJeU1zWVhsbXFQc1dMNW1IdXAiXSwicGVybWlzc2lvbnMiOnsiY2FuUHJldmlldyI6dHJ1ZSwiY2FuRG93bmxvYWQiOmZhbHNlLCJjYW5FZGl0IjpmYWxzZSwiY2FuRGVsZXRlIjpmYWxzZSwiY2FuVHJhc2giOmZhbHNlLCJjYW5Nb3ZlIjp0cnVlLCJjYW5SZW5hbWUiOnRydWUsImNhblNoYXJlIjp0cnVlLCJjb3B5UmVxdWlyZXNXcml0ZXJQZXJtaXNzaW9uIjpmYWxzZSwiY2FuQ2hhbmdlQ29weVJlcXVpcmVzV3JpdGVyUGVybWlzc2lvbiI6bnVsbCwidXNlcnMiOnsiYW55b25lV2l0aExpbmsiOnsidHlwZSI6ImFueW9uZSIsInJvbGUiOiJyZWFkZXIiLCJkb21haW4iOm51bGx9LCIxMTk1NTU2Nzg5OTExODAyMzEwOSI6eyJ0eXBlIjoidXNlciIsInJvbGUiOiJ3cml0ZXIiLCJkb21haW4iOm51bGx9LCIwODAxMjIzMDg1MjIwNzQzOTEyNyI6eyJ0eXBlIjoidXNlciIsInJvbGUiOiJvd25lciIsImRvbWFpbiI6bnVsbH19fSwiZXhwb3J0QXMiOltdfV0sInNob3dGaWxlcyI6dHJ1ZSwic2hvd0ZvbGRlcnMiOnRydWUsIm1vZHVsZVdpZHRoIjoiMTAwJSIsIm1vZHVsZUhlaWdodCI6ImF1dG8iLCJmaWxlTnVtYmVycyI6IiIsInNvcnQiOnsic29ydEJ5IjoibmFtZSIsInNvcnREaXJlY3Rpb24iOiJhc2MifSwidmlldyI6Imxpc3QiLCJtYXhGaWxlU2l6ZSI6IiIsInByZXZpZXciOnRydWUsImRvd25sb2FkIjpmYWxzZSwiZGlzcGxheUZvciI6ImV2ZXJ5b25lIiwiZGlzcGxheVVzZXJzIjpbImV2ZXJ5b25lIl0sImRpc3BsYXlFeGNlcHQiOltdLCJhbGxvd0FsbEV4dGVuc2lvbnMiOnRydWUsImFsbG93QWxsTmFtZXMiOnRydWUsImNhbkRlbGV0ZSI6ZmFsc2UsInJlbmFtZSI6ZmFsc2UsInVwbG9hZCI6ZmFsc2UsIm5ld0ZvbGRlciI6ZmFsc2UsIm1vdmVDb3B5IjpmYWxzZSwiYWxsb3dTaGFyZSI6ZmFsc2UsImFsbG93U2VhcmNoIjpmYWxzZSwiY3JlYXRlRG9jIjpmYWxzZSwiZWRpdCI6ZmFsc2UsImRpcmVjdExpbmsiOmZhbHNlLCJkZXRhaWxzIjpmYWxzZSwiY29tbWVudCI6ZmFsc2UsInBob3RvUHJvb2YiOmZhbHNlLCJmaWx0ZXJzIjp7ImFsbG93RXh0ZW5zaW9ucyI6IiIsImFsbG93QWxsRXh0ZW5zaW9ucyI6dHJ1ZSwiYWxsb3dFeGNlcHRFeHRlbnNpb25zIjoiIiwiYWxsb3dOYW1lcyI6IiIsImFsbG93QWxsTmFtZXMiOnRydWUsImFsbG93RXhjZXB0TmFtZXMiOiIiLCJuYW1lRmlsdGVyT3B0aW9ucyI6WyJmaWxlcyJdLCJzaG93RmlsZXMiOnRydWUsInNob3dGb2xkZXJzIjp0cnVlfSwiaW5pdFBhcmVudEZvbGRlciI6eyJpZCI6IjFUTExQWlMxOU53My16NUl5TXNZWGxtcVBzV0w1bUh1cCIsImFjY291bnRJZCI6IjExOTU1NTY3ODk5MTE4MDIzMTA5IiwibmFtZSI6IkdyYWxsZXMgaSB0YWJhbHMgd2ViIiwiaWNvbkxpbmsiOiJodHRwczpcL1wvZHJpdmUtdGhpcmRwYXJ0eS5nb29nbGV1c2VyY29udGVudC5jb21cLzE2XC90eXBlXC9hcHBsaWNhdGlvblwvdm5kLmdvb2dsZS1hcHBzLmZvbGRlcitzaGFyZWQiLCJkZXNjcmlwdGlvbiI6IiIsInR5cGUiOiJhcHBsaWNhdGlvblwvdm5kLmdvb2dsZS1hcHBzLmZvbGRlciIsInBhcmVudHMiOlsiMVY5Z3VCeFhlcjEwcWpuZzUwUlZ2QlU2MG9ON2tKYWNnIl0sInBhZ2VOdW1iZXIiOjEsImNvdW50IjoiMyJ9LCJhY2NvdW50Ijp7ImlkIjoiMTE5NTU1Njc4OTkxMTgwMjMxMDkiLCJuYW1lIjoiRnJhbmNlc2MgQmV1bWFsYSIsImVtYWlsIjoiZnJhbmNlc2NAYXJ0aWNhZ2VuY3kuY29tIiwicGhvdG8iOiJodHRwczpcL1wvbGgzLmdvb2dsZXVzZXJjb250ZW50LmNvbVwvYVwvQUNnOG9jTGlPLVBEVmJOamdMZ0MwN3oxVVk4dTdxVGVwS09wQ2dNR1p1UUc2M1l6VTlpNzR5T0U9czY0Iiwic3RvcmFnZSI6eyJ1c2FnZSI6Ijg5MzY0MTM0NjA2IiwibGltaXQiOiI0ODMxODM4MjA4MDAifSwibG9zdCI6ZmFsc2UsInJvb3RfaWQiOiIwQU1UVzZHeFcyOENVVWs5UFZBIiwidXNlcl9pZCI6WyJhZG1pbiJdLCJpc19zcGVjaWZpY19mb2xkZXJzIjp0cnVlLCJzcGVjaWZpY19mb2xkZXJzIjpbeyJpZCI6IjFWM1BZS2xLTUVwZUctZkRKNFNJWkxDX0laWmRHdlJkYyIsImFjY291bnRJZCI6IjExOTU1NTY3ODk5MTE4MDIzMTA5IiwibmFtZSI6IkZvdG9zIHdlYiIsImljb25MaW5rIjoiaHR0cHM6XC9cL2RyaXZlLXRoaXJkcGFydHkuZ29vZ2xldXNlcmNvbnRlbnQuY29tXC8xNlwvdHlwZVwvYXBwbGljYXRpb25cL3ZuZC5nb29nbGUtYXBwcy5mb2xkZXIrc2hhcmVkIiwiZGVzY3JpcHRpb24iOiIiLCJ0eXBlIjoiYXBwbGljYXRpb25cL3ZuZC5nb29nbGUtYXBwcy5mb2xkZXIiLCJwYXJlbnRzIjpbIjFWOWd1QnhYZXIxMHFqbmc1MFJWdkJVNjBvTjdrSmFjZyJdfSx7ImlkIjoiMVRMTFBaUzE5TnczLXo1SXlNc1lYbG1xUHNXTDVtSHVwIiwiYWNjb3VudElkIjoiMTE5NTU1Njc4OTkxMTgwMjMxMDkiLCJuYW1lIjoiR3JhbGxlcyBpIHRhYmFscyB3ZWIiLCJpY29uTGluayI6Imh0dHBzOlwvXC9kcml2ZS10aGlyZHBhcnR5Lmdvb2dsZXVzZXJjb250ZW50LmNvbVwvMTZcL3R5cGVcL2FwcGxpY2F0aW9uXC92bmQuZ29vZ2xlLWFwcHMuZm9sZGVyK3NoYXJlZCIsImRlc2NyaXB0aW9uIjoiIiwidHlwZSI6ImFwcGxpY2F0aW9uXC92bmQuZ29vZ2xlLWFwcHMuZm9sZGVyIiwicGFyZW50cyI6WyIxVjlndUJ4WGVyMTBxam5nNTBSVnZCVTYwb043a0phY2ciXX1dfSwiaWQiOiJpZ2RfNjc4MzZlODVkZDEyNiIsIm5vbmNlIjoiYjEzMTkxNWJmOCJ9\"\n                     style=\"width: 100%;  height:auto;\"\n                ><\/div>\n\t\t\t\t\t\t\t\t<\/div>\n\t\t\t\t<\/div>\n\t\t\t\t<\/div>\n\t\t\t\t\t<\/div>\n\t\t\t\t<\/div>\n\t\t\t\t<\/div>","protected":false},"excerpt":{"rendered":"<p>GRALLERS I TABALERS Assajos El grup de Grallers i Tabalers de la Colla Castellera Tirallongues de Manresa \u00e9s l&#8217;\u00e0nima musical que acompanya les nostres actuacions. Assagem tots els divendres de 18h a 20h al nostre local, on ens preparem per donar ritme i energia als nostres castells. Formaci\u00f3 Peri\u00f2dicament, rebem formaci\u00f3 de l&#8217;Alba Logan, una [&hellip;]<\/p>","protected":false},"author":1,"featured_media":0,"parent":0,"menu_order":0,"comment_status":"closed","ping_status":"closed","template":"","meta":{"_acf_changed":false,"site-sidebar-layout":"no-sidebar","site-content-layout":"page-builder","ast-site-content-layout":"full-width-container","site-content-style":"default","site-sidebar-style":"default","ast-global-header-display":"","ast-banner-title-visibility":"","ast-main-header-display":"","ast-hfb-above-header-display":"","ast-hfb-below-header-display":"","ast-hfb-mobile-header-display":"","site-post-title":"disabled","ast-breadcrumbs-content":"","ast-featured-img":"disabled","footer-sml-layout":"","theme-transparent-header-meta":"","adv-header-id-meta":"","stick-header-meta":"","header-above-stick-meta":"","header-main-stick-meta":"","header-below-stick-meta":"","astra-migrate-meta-layouts":"set","ast-page-background-enabled":"default","ast-page-background-meta":{"desktop":{"background-color":"","background-image":"","background-repeat":"repeat","background-position":"center center","background-size":"auto","background-attachment":"scroll","background-type":"","background-media":"","overlay-type":"","overlay-color":"","overlay-opacity":"","overlay-gradient":""},"tablet":{"background-color":"","background-image":"","background-repeat":"repeat","background-position":"center center","background-size":"auto","background-attachment":"scroll","background-type":"","background-media":"","overlay-type":"","overlay-color":"","overlay-opacity":"","overlay-gradient":""},"mobile":{"background-color":"","background-image":"","background-repeat":"repeat","background-position":"center center","background-size":"auto","background-attachment":"scroll","background-type":"","background-media":"","overlay-type":"","overlay-color":"","overlay-opacity":"","overlay-gradient":""}},"ast-content-background-meta":{"desktop":{"background-color":"var(--ast-global-color-5)","background-image":"","background-repeat":"repeat","background-position":"center center","background-size":"auto","background-attachment":"scroll","background-type":"","background-media":"","overlay-type":"","overlay-color":"","overlay-opacity":"","overlay-gradient":""},"tablet":{"background-color":"var(--ast-global-color-5)","background-image":"","background-repeat":"repeat","background-position":"center center","background-size":"auto","background-attachment":"scroll","background-type":"","background-media":"","overlay-type":"","overlay-color":"","overlay-opacity":"","overlay-gradient":""},"mobile":{"background-color":"var(--ast-global-color-5)","background-image":"","background-repeat":"repeat","background-position":"center center","background-size":"auto","background-attachment":"scroll","background-type":"","background-media":"","overlay-type":"","overlay-color":"","overlay-opacity":"","overlay-gradient":""}},"footnotes":""},"class_list":["post-26490","page","type-page","status-publish","hentry"],"acf":[],"_links":{"self":[{"href":"https:\/\/tirallongues.cat\/es\/wp-json\/wp\/v2\/pages\/26490","targetHints":{"allow":["GET"]}}],"collection":[{"href":"https:\/\/tirallongues.cat\/es\/wp-json\/wp\/v2\/pages"}],"about":[{"href":"https:\/\/tirallongues.cat\/es\/wp-json\/wp\/v2\/types\/page"}],"author":[{"embeddable":true,"href":"https:\/\/tirallongues.cat\/es\/wp-json\/wp\/v2\/users\/1"}],"replies":[{"embeddable":true,"href":"https:\/\/tirallongues.cat\/es\/wp-json\/wp\/v2\/comments?post=26490"}],"version-history":[{"count":38,"href":"https:\/\/tirallongues.cat\/es\/wp-json\/wp\/v2\/pages\/26490\/revisions"}],"predecessor-version":[{"id":26862,"href":"https:\/\/tirallongues.cat\/es\/wp-json\/wp\/v2\/pages\/26490\/revisions\/26862"}],"wp:attachment":[{"href":"https:\/\/tirallongues.cat\/es\/wp-json\/wp\/v2\/media?parent=26490"}],"curies":[{"name":"wp","href":"https:\/\/api.w.org\/{rel}","templated":true}]}}