{"id":26886,"date":"2025-04-24T15:02:17","date_gmt":"2025-04-24T13:02:17","guid":{"rendered":"https:\/\/white-lemur-184173.hostingersite.com\/?page_id=26886"},"modified":"2025-04-24T15:03:05","modified_gmt":"2025-04-24T13:03:05","slug":"politica-de-cookies","status":"publish","type":"page","link":"https:\/\/tirallongues.cat\/es\/politica-de-cookies\/","title":{"rendered":"Pol\u00edtica de cookies"},"content":{"rendered":"<div data-elementor-type=\"wp-page\" data-elementor-id=\"26886\" class=\"elementor elementor-26886\" data-elementor-post-type=\"page\">\n\t\t\t\t<div class=\"elementor-element elementor-element-edb8d48 e-flex e-con-boxed e-con e-parent\" data-id=\"edb8d48\" data-element_type=\"container\" data-e-type=\"container\" data-settings=\"{&quot;background_background&quot;:&quot;classic&quot;,&quot;shape_divider_bottom&quot;:&quot;waves&quot;}\">\n\t\t\t\t\t<div class=\"e-con-inner\">\n\t\t\t\t<div class=\"elementor-shape elementor-shape-bottom\" aria-hidden=\"true\" data-negative=\"false\">\n\t\t\t<svg xmlns=\"http:\/\/www.w3.org\/2000\/svg\" viewbox=\"0 0 1000 100\" preserveaspectratio=\"none\">\n\t<path class=\"elementor-shape-fill\" d=\"M421.9,6.5c22.6-2.5,51.5,0.4,75.5,5.3c23.6,4.9,70.9,23.5,100.5,35.7c75.8,32.2,133.7,44.5,192.6,49.7\tc23.6,2.1,48.7,3.5,103.4-2.5c54.7-6,106.2-25.6,106.2-25.6V0H0v30.3c0,0,72,32.6,158.4,30.5c39.2-0.7,92.8-6.7,134-22.4\tc21.2-8.1,52.2-18.2,79.7-24.2C399.3,7.9,411.6,7.5,421.9,6.5z\"\/>\n<\/svg>\t\t<\/div>\n\t\t<div class=\"elementor-element elementor-element-f07c037 e-con-full e-flex e-con e-child\" data-id=\"f07c037\" data-element_type=\"container\" data-e-type=\"container\">\n\t\t\t\t<\/div>\n\t\t\t\t\t<\/div>\n\t\t\t\t<\/div>\n\t\t<div class=\"elementor-element elementor-element-7eb19a9 e-flex e-con-boxed e-con e-parent\" data-id=\"7eb19a9\" data-element_type=\"container\" data-e-type=\"container\" data-settings=\"{&quot;background_background&quot;:&quot;classic&quot;}\">\n\t\t\t\t\t<div class=\"e-con-inner\">\n\t\t\t\t<div class=\"elementor-element elementor-element-8c919ee elementor-widget elementor-widget-text-editor\" data-id=\"8c919ee\" data-element_type=\"widget\" data-e-type=\"widget\" data-widget_type=\"text-editor.default\">\n\t\t\t\t<div class=\"elementor-widget-container\">\n\t\t\t\t\t\t\t\t\t<p><b>Qu\u00e9 son las <\/b><b><i>cookies<\/i><\/b><b>?<\/b><\/p><p><span style=\"font-weight: 400;\">Las <\/span><i><span style=\"font-weight: 400;\">cookies<\/span><\/i><span style=\"font-weight: 400;\"> son peque\u00f1os archivos de datos que se reciben en el terminal desde el sitio web visitado y se usan para registrar ciertas interacciones de la navegaci\u00f3n en un sitio web almacenando datos que podr\u00e1n ser actualizados y recuperados. Estos archivos se almacenan en el ordenador del usuario y contienen datos an\u00f3nimos que no son perjudiciales para su equipo. Se utilizan para recordar las preferencias del usuario, como el idioma seleccionado, los datos de acceso o la personalizaci\u00f3n de la p\u00e1gina.<\/span><\/p><p><span style=\"font-weight: 400;\">Las <\/span><i><span style=\"font-weight: 400;\">cookies<\/span><\/i><span style=\"font-weight: 400;\"> tambi\u00e9n pueden ser utilizadas para registrar informaci\u00f3n an\u00f3nima sobre c\u00f3mo utiliza el sitio el visitante. Por ejemplo, desde qu\u00e9 p\u00e1gina web ha accedido o si ha utilizado un banner publicitario para llegar a \u00e9l.<\/span><\/p><p><b>Por qu\u00e9 ESTA WEB utiliza <\/b><b><i>cookies<\/i><\/b><b>?<\/b><\/p><p><span style=\"font-weight: 400;\">ESTA WEB utiliza <\/span><i><span style=\"font-weight: 400;\">cookies<\/span><\/i><span style=\"font-weight: 400;\"> estrictamente necesarias y esenciales para que usted utilice nuestros sitios web y pueda moverse libremente, utilizar \u00e1reas seguras, configurar opciones personalizadas, etc. Adem\u00e1s, utiliza <\/span><i><span style=\"font-weight: 400;\">cookies<\/span><\/i><span style=\"font-weight: 400;\"> que recogen datos relativos al an\u00e1lisis de uso de la web. \u00c9stas se utilizan para ayudar a mejorar el servicio por el usuario, midiendo el uso y el rendimiento de la p\u00e1gina para optimizarla y personalizarla.<\/span><\/p><p><span style=\"font-weight: 400;\">Nuestros sitios tambi\u00e9n pueden tener enlaces de redes sociales (como Facebook o Twitter). ESTA WEB no controla las <\/span><i><span style=\"font-weight: 400;\">cookies<\/span><\/i><span style=\"font-weight: 400;\"> utilizadas por estas webs externas. Para m\u00e1s informaci\u00f3n sobre las<\/span><i><span style=\"font-weight: 400;\">cookies<\/span><\/i><span style=\"font-weight: 400;\"> de las redes sociales u otras webs ajenas, aconsejamos que revise sus propias pol\u00edticas de <\/span><i><span style=\"font-weight: 400;\">cookies<\/span><\/i><span style=\"font-weight: 400;\">.<\/span><\/p><p><b>Qu\u00e9 uso damos a los diferentes tipos de <\/b><b><i>cookies<\/i><\/b><b>?<\/b><\/p><p><b>Seg\u00fan su finalidad:<\/b><\/p><p><b>Cookies t\u00e9cnicas<\/b><\/p><p><span style=\"font-weight: 400;\">Las <\/span><i><span style=\"font-weight: 400;\">cookies<\/span><\/i><span style=\"font-weight: 400;\"> t\u00e9cnicas son aquellas imprescindibles y estrictamente necesarias para el correcto funcionamiento de un portal web y la utilizaci\u00f3n de las diferentes opciones y servicios que ofrece.<\/span><\/p><p><span style=\"font-weight: 400;\">\u00a0Por ejemplo, aquellas que sirven para el mantenimiento de la sesi\u00f3n, gesti\u00f3n del tiempo de respuesta, rendimiento o validaci\u00f3n de opciones, uso de elementos de seguridad, compartici\u00f3n de contenido con redes sociales, etc.<\/span><\/p><p><b>Cookies de personalizaci\u00f3n<\/b><\/p><p><span style=\"font-weight: 400;\">\u00c9stas <\/span><i><span style=\"font-weight: 400;\">cookies<\/span><\/i><span style=\"font-weight: 400;\"> permiten al usuario especificar o personalizar algunas caracter\u00edsticas de las opciones generales de la p\u00e1gina web. Por ejemplo, definir el idioma, la configuraci\u00f3n regional o el tipo de navegador.<\/span><\/p><p><b>Cookies anal\u00edticas<\/b><\/p><p><span style=\"font-weight: 400;\">Las <\/span><i><span style=\"font-weight: 400;\">cookies<\/span><\/i><span style=\"font-weight: 400;\"> anal\u00edticas son las utilizadas por nuestros portales web para elaborar perfiles de navegaci\u00f3n y poder conocer las preferencias de los usuarios con el fin de mejorar la oferta de productos y servicios.<\/span><\/p><p><span style=\"font-weight: 400;\">Por ejemplo, mediante una <\/span><i><span style=\"font-weight: 400;\">cookie<\/span><\/i><span style=\"font-weight: 400;\"> anal\u00edtica se controlar\u00edan las \u00e1reas geogr\u00e1ficas de mayor inter\u00e9s de un usuario, cu\u00e1l es el producto de mayor aceptaci\u00f3n, etc.<\/span><\/p><p><b>Cookies publicitarias \/ de publicidad<\/b><\/p><p><span style=\"font-weight: 400;\">Las <\/span><i><span style=\"font-weight: 400;\">cookies<\/span><\/i><span style=\"font-weight: 400;\"> publicitarias permiten la gesti\u00f3n de los espacios publicitarios de acuerdo a criterios concretos. Por ejemplo, la frecuencia de acceso, contenido editado, etc.<\/span><\/p><p><span style=\"font-weight: 400;\">Las <\/span><i><span style=\"font-weight: 400;\">cookies<\/span><\/i><span style=\"font-weight: 400;\"> publicitarias permiten, a trav\u00e9s de la gesti\u00f3n de la publicidad, almacenar informaci\u00f3n del comportamiento a trav\u00e9s de la observaci\u00f3n de h\u00e1bitos, estudiando los accesos y formando un perfil de preferencias del usuario, para ofrecerle publicidad relacionada con los intereses del su perfil.<\/span><\/p><p><b>Seg\u00fan plazo:<\/b><\/p><p><b>Cookies de sesi\u00f3n<\/b><\/p><p><span style=\"font-weight: 400;\">Las <\/span><i><span style=\"font-weight: 400;\">cookies<\/span><\/i><span style=\"font-weight: 400;\"> de sesi\u00f3n son aquellas que duran el tiempo que el usuario est\u00e1 navegando por la p\u00e1gina web y se borran cuando acaba de hacerlo.<\/span><\/p><p><b>Cookies persistentes<\/b><\/p><p><span style=\"font-weight: 400;\">\u00c9stas <\/span><i><span style=\"font-weight: 400;\">cookies<\/span><\/i><span style=\"font-weight: 400;\"> quedan almacenadas en el terminal del usuario durante un tiempo m\u00e1s largo, facilitando as\u00ed el control de las preferencias escogidas sin tener que repetir ciertos par\u00e1metros cada vez que se visite el sitio web.<\/span><\/p><p><b>Y si no quiero tener estas <\/b><b><i>cookies<\/i><\/b><b> \u00bfo no hago nada?<\/b><\/p><p><span style=\"font-weight: 400;\">Para cumplir con la legislaci\u00f3n vigente, debemos pedirle permiso para gestionar <\/span><i><span style=\"font-weight: 400;\">cookies<\/span><\/i><span style=\"font-weight: 400;\">. Si decide no autorizar el tratamiento indic\u00e1ndonos que no est\u00e1 de acuerdo, s\u00f3lo utilizar\u00edamos las <\/span><i><span style=\"font-weight: 400;\">cookies<\/span><\/i><span style=\"font-weight: 400;\"> t\u00e9cnicas, ya que son imprescindibles para navegar por nuestra web. En este caso, no almacenar\u00edamos ninguna <\/span><i><span style=\"font-weight: 400;\">cookie<\/span><\/i><span style=\"font-weight: 400;\">. Si continua navegando por nuestro sitio web sin denegar su autorizaci\u00f3n, esto implica que acepta su uso.<\/span><\/p><p><span style=\"font-weight: 400;\">Tenga en cuenta que si rechaza o borra las <\/span><i><span style=\"font-weight: 400;\">cookies<\/span><\/i><span style=\"font-weight: 400;\"> de navegaci\u00f3n por la web, no podremos mantener sus preferencias, algunas caracter\u00edsticas de las p\u00e1ginas no estar\u00e1n operativas, no podremos ofrecerle servicios personalizados y cada vez que navegue por nuestra web deberemos solicitarle de nuevo su autorizaci\u00f3n para el uso de <\/span><i><span style=\"font-weight: 400;\">cookies<\/span><\/i><span style=\"font-weight: 400;\">.<\/span><\/p><p><span style=\"font-weight: 400;\">Si, sin embargo, decide modificar la configuraci\u00f3n de su acceso a la p\u00e1gina web, debe saber que es posible eliminar las <\/span><i><span style=\"font-weight: 400;\">cookies<\/span><\/i><span style=\"font-weight: 400;\"> o impedir que se registre esta informaci\u00f3n en su equipo en cualquier momento mediante la modificaci\u00f3n de los par\u00e1metros de configuraci\u00f3n de su navegador:<\/span><\/p><ul><li style=\"font-weight: 400;\" aria-level=\"1\"><a href=\"https:\/\/windows.microsoft.com\/es-es\/windows-vista\/block-or-allow-cookies\" target=\"_blank\" rel=\"noopener\"><span style=\"font-weight: 400;\">Configuraci\u00f3n de <\/span><i><span style=\"font-weight: 400;\">cookies<\/span><\/i><span style=\"font-weight: 400;\"> de Internet Explorer<\/span><\/a><\/li><li style=\"font-weight: 400;\" aria-level=\"1\"><a href=\"https:\/\/support.mozilla.org\/ca\/kb\/enable-and-disable-cookies-website-preferences\" target=\"_blank\" rel=\"noopener\"><span style=\"font-weight: 400;\">Configuraci\u00f3n de <\/span><i><span style=\"font-weight: 400;\">cookies<\/span><\/i><span style=\"font-weight: 400;\"> de Firefox<\/span><\/a><\/li><li style=\"font-weight: 400;\" aria-level=\"1\"><a href=\"https:\/\/support.google.com\/chrome\/answer\/95647?hl=ca\" target=\"_blank\" rel=\"noopener\"><span style=\"font-weight: 400;\">Configuraci\u00f3n de <\/span><i><span style=\"font-weight: 400;\">cookies<\/span><\/i><span style=\"font-weight: 400;\"> de Google Chrome<\/span><\/a><\/li><li style=\"font-weight: 400;\" aria-level=\"1\"><a href=\"https:\/\/support.apple.com\/kb\/HT1677?viewlocale=es_ES&amp;locale=es_ES\" target=\"_blank\" rel=\"noopener\"><span style=\"font-weight: 400;\">Configuraci\u00f3n de <\/span><i><span style=\"font-weight: 400;\">cookies<\/span><\/i><span style=\"font-weight: 400;\"> de Safari<\/span><\/a><\/li><\/ul><p><span style=\"font-weight: 400;\">Estos navegadores est\u00e1n sometidos a actualizaciones o modificaciones, por lo que no podemos garantizar que se ajusten por completo a la versi\u00f3n de su navegador. Tambi\u00e9n puede que utilice otro navegador no contemplado en estos enlaces como Konqueror, Arora, Flock, etc.<\/span><\/p><p><span style=\"font-weight: 400;\">Para evitar estos desajustes, puede acceder directamente desde las opciones de su navegador que se encuentra generalmente en el men\u00fa de Opciones, en la secci\u00f3n de \u201cPrivacidad\u201d. (Por favor, consulte la ayuda de su navegador para m\u00e1s informaci\u00f3n.)<\/span><\/p><p><b>Los datos recogidos en las <\/b><b><i>cookies<\/i><\/b><b>, \u00bfse utilizan en webs que no son de ESTA WEB?<\/b><\/p><p><span style=\"font-weight: 400;\">Alguna de nuestras <\/span><i><span style=\"font-weight: 400;\">cookies<\/span><\/i><span style=\"font-weight: 400;\"> se utiliza para generar publicidad en redes de terceros o para realizar anal\u00edticas para las que utilizamos herramientas externas a ESTA WEB. Las <\/span><i><span style=\"font-weight: 400;\">cookies<\/span><\/i><span style=\"font-weight: 400;\"> utilizadas son para uso exclusivo del banco y su grupo de empresas, que en ning\u00fan caso las comercializa.<\/span><\/p><p><span style=\"font-weight: 400;\">En esa WEB trabajamos con proveedores de confianza que nos ayudan en la gesti\u00f3n y personalizaci\u00f3n de nuestras p\u00e1ginas web.<\/span><\/p><p><b>Entonces, \u00bfqu\u00e9 significa la informaci\u00f3n anterior?<\/b><\/p><p><span style=\"font-weight: 400;\">Si acepta las nuestras <\/span><i><span style=\"font-weight: 400;\">cookies<\/span><\/i><span style=\"font-weight: 400;\">, nos permite la mejora de las webs de ESTA WEB para ofrecerle un acceso \u00f3ptimo y darle un servicio m\u00e1s eficaz y personalizado.<\/span><\/p><p><span style=\"font-weight: 400;\">Adem\u00e1s, usted puede configurar su navegador para establecer que s\u00f3lo los sitios web de confianza o las p\u00e1ginas por las que est\u00e1 navegando en ese momento puedan gestionar <\/span><i><span style=\"font-weight: 400;\">cookies<\/span><\/i><span style=\"font-weight: 400;\">, lo que le permite seleccionar sus preferencias.<\/span><\/p><p><span style=\"font-weight: 400;\">Con esta pol\u00edtica, ESTA WEB demuestra el compromiso adquirido con la legislaci\u00f3n vigente sobre el uso de <\/span><i><span style=\"font-weight: 400;\">cookies<\/span><\/i><span style=\"font-weight: 400;\">, d\u00e1ndole informaci\u00f3n para que usted pueda comprender qu\u00e9 tipo de <\/span><i><span style=\"font-weight: 400;\">cookies<\/span><\/i><span style=\"font-weight: 400;\">utilizaremos y por qu\u00e9 lo hacemos. Con ello pretendemos proporcionarle transparencia en relaci\u00f3n con los datos tratados durante la navegaci\u00f3n hecha desde su equipo en nuestra web.<\/span><\/p><p><span style=\"font-weight: 400;\">Esta pol\u00edtica se revisa peri\u00f3dicamente para asegurar su vigencia, por lo que puede modificarse. Le recomendamos que visite la p\u00e1gina con regularidad, donde le informaremos de cualquier actualizaci\u00f3n.<\/span><\/p><p><b>\u00bfD\u00f3nde puedo obtener m\u00e1s informaci\u00f3n?<\/b><\/p><p><span style=\"font-weight: 400;\">Si necesita obtener m\u00e1s informaci\u00f3n sobre la directiva de <\/span><i><span style=\"font-weight: 400;\">cookies<\/span><\/i><span style=\"font-weight: 400;\">, por favor, consulte el Bolet\u00edn Oficial del Estado publicado el pasado 31 de marzo de 2012 (para Espa\u00f1a), en el que se transponen las directivas en materia de comunicaciones electr\u00f3nicas. Tambi\u00e9n se puede consultar la directiva en <\/span><a href=\"https:\/\/ico.org.uk\/\" target=\"_blank\" rel=\"noopener\"><span style=\"font-weight: 400;\">Information Commissioner Office<\/span><\/a><span style=\"font-weight: 400;\"> (en ingl\u00e9s).<\/span><\/p><p><span style=\"font-weight: 400;\">Adicionalmente, puede acceder a unos v\u00eddeos did\u00e1cticos publicados por la Agencia Espa\u00f1ola de Protecci\u00f3n de Datos en los que se explica, paso a paso, c\u00f3mo configurar las opciones de privacidad de los navegadores, las redes sociales y los sistemas operativos m\u00f3viles m\u00e1s comunes, en <\/span><a href=\"https:\/\/www.youtube.com\/user\/desdelaAEPD\" target=\"_blank\" rel=\"noopener\"><span style=\"font-weight: 400;\">V\u00eddeos AEPD<\/span><\/a><span style=\"font-weight: 400;\">.<\/span><\/p>\t\t\t\t\t\t\t\t<\/div>\n\t\t\t\t<\/div>\n\t\t\t\t\t<\/div>\n\t\t\t\t<\/div>\n\t\t\t\t<\/div>","protected":false},"excerpt":{"rendered":"<p>Qu\u00e8 s\u00f3n les cookies? Les cookies s\u00f3n petits arxius de dades que es reben en el terminal des del lloc web visitat i s\u2019usen per registrar certes interacciones de la navegaci\u00f3 en un lloc web emmagatzemant dades que podran ser actualitzades i recuperades. Aquests arxius s\u2019emmagatzemen en l\u2019ordinador de l\u2019usuari i contenen dades an\u00f2nimes que [&hellip;]<\/p>","protected":false},"author":1,"featured_media":0,"parent":0,"menu_order":0,"comment_status":"closed","ping_status":"closed","template":"","meta":{"_acf_changed":false,"site-sidebar-layout":"no-sidebar","site-content-layout":"page-builder","ast-site-content-layout":"full-width-container","site-content-style":"default","site-sidebar-style":"default","ast-global-header-display":"","ast-banner-title-visibility":"","ast-main-header-display":"","ast-hfb-above-header-display":"","ast-hfb-below-header-display":"","ast-hfb-mobile-header-display":"","site-post-title":"disabled","ast-breadcrumbs-content":"","ast-featured-img":"disabled","footer-sml-layout":"","theme-transparent-header-meta":"","adv-header-id-meta":"","stick-header-meta":"","header-above-stick-meta":"","header-main-stick-meta":"","header-below-stick-meta":"","astra-migrate-meta-layouts":"set","ast-page-background-enabled":"default","ast-page-background-meta":{"desktop":{"background-color":"","background-image":"","background-repeat":"repeat","background-position":"center center","background-size":"auto","background-attachment":"scroll","background-type":"","background-media":"","overlay-type":"","overlay-color":"","overlay-opacity":"","overlay-gradient":""},"tablet":{"background-color":"","background-image":"","background-repeat":"repeat","background-position":"center center","background-size":"auto","background-attachment":"scroll","background-type":"","background-media":"","overlay-type":"","overlay-color":"","overlay-opacity":"","overlay-gradient":""},"mobile":{"background-color":"","background-image":"","background-repeat":"repeat","background-position":"center center","background-size":"auto","background-attachment":"scroll","background-type":"","background-media":"","overlay-type":"","overlay-color":"","overlay-opacity":"","overlay-gradient":""}},"ast-content-background-meta":{"desktop":{"background-color":"var(--ast-global-color-5)","background-image":"","background-repeat":"repeat","background-position":"center center","background-size":"auto","background-attachment":"scroll","background-type":"","background-media":"","overlay-type":"","overlay-color":"","overlay-opacity":"","overlay-gradient":""},"tablet":{"background-color":"var(--ast-global-color-5)","background-image":"","background-repeat":"repeat","background-position":"center center","background-size":"auto","background-attachment":"scroll","background-type":"","background-media":"","overlay-type":"","overlay-color":"","overlay-opacity":"","overlay-gradient":""},"mobile":{"background-color":"var(--ast-global-color-5)","background-image":"","background-repeat":"repeat","background-position":"center center","background-size":"auto","background-attachment":"scroll","background-type":"","background-media":"","overlay-type":"","overlay-color":"","overlay-opacity":"","overlay-gradient":""}},"footnotes":""},"class_list":["post-26886","page","type-page","status-publish","hentry"],"acf":[],"_links":{"self":[{"href":"https:\/\/tirallongues.cat\/es\/wp-json\/wp\/v2\/pages\/26886","targetHints":{"allow":["GET"]}}],"collection":[{"href":"https:\/\/tirallongues.cat\/es\/wp-json\/wp\/v2\/pages"}],"about":[{"href":"https:\/\/tirallongues.cat\/es\/wp-json\/wp\/v2\/types\/page"}],"author":[{"embeddable":true,"href":"https:\/\/tirallongues.cat\/es\/wp-json\/wp\/v2\/users\/1"}],"replies":[{"embeddable":true,"href":"https:\/\/tirallongues.cat\/es\/wp-json\/wp\/v2\/comments?post=26886"}],"version-history":[{"count":4,"href":"https:\/\/tirallongues.cat\/es\/wp-json\/wp\/v2\/pages\/26886\/revisions"}],"predecessor-version":[{"id":26891,"href":"https:\/\/tirallongues.cat\/es\/wp-json\/wp\/v2\/pages\/26886\/revisions\/26891"}],"wp:attachment":[{"href":"https:\/\/tirallongues.cat\/es\/wp-json\/wp\/v2\/media?parent=26886"}],"curies":[{"name":"wp","href":"https:\/\/api.w.org\/{rel}","templated":true}]}}