{"id":25748,"date":"2024-06-12T16:52:31","date_gmt":"2024-06-12T15:52:31","guid":{"rendered":"https:\/\/white-lemur-184173.hostingersite.com\/?page_id=25748"},"modified":"2024-06-12T16:56:28","modified_gmt":"2024-06-12T15:56:28","slug":"avis-legal","status":"publish","type":"page","link":"https:\/\/tirallongues.cat\/fr\/avis-legal\/","title":{"rendered":"Avertissement juridique"},"content":{"rendered":"<div data-elementor-type=\"wp-page\" data-elementor-id=\"25748\" class=\"elementor elementor-25748\" data-elementor-post-type=\"page\">\n\t\t\t\t<div class=\"elementor-element elementor-element-52716cc e-flex e-con-boxed e-con e-parent\" data-id=\"52716cc\" data-element_type=\"container\" data-e-type=\"container\" data-settings=\"{&quot;background_background&quot;:&quot;classic&quot;,&quot;shape_divider_bottom&quot;:&quot;waves&quot;}\">\n\t\t\t\t\t<div class=\"e-con-inner\">\n\t\t\t\t<div class=\"elementor-shape elementor-shape-bottom\" aria-hidden=\"true\" data-negative=\"false\">\n\t\t\t<svg xmlns=\"http:\/\/www.w3.org\/2000\/svg\" viewbox=\"0 0 1000 100\" preserveaspectratio=\"none\">\n\t<path class=\"elementor-shape-fill\" d=\"M421.9,6.5c22.6-2.5,51.5,0.4,75.5,5.3c23.6,4.9,70.9,23.5,100.5,35.7c75.8,32.2,133.7,44.5,192.6,49.7\tc23.6,2.1,48.7,3.5,103.4-2.5c54.7-6,106.2-25.6,106.2-25.6V0H0v30.3c0,0,72,32.6,158.4,30.5c39.2-0.7,92.8-6.7,134-22.4\tc21.2-8.1,52.2-18.2,79.7-24.2C399.3,7.9,411.6,7.5,421.9,6.5z\"\/>\n<\/svg>\t\t<\/div>\n\t\t<div class=\"elementor-element elementor-element-5363f38 e-con-full e-flex e-con e-child\" data-id=\"5363f38\" data-element_type=\"container\" data-e-type=\"container\">\n\t\t\t\t<\/div>\n\t\t\t\t\t<\/div>\n\t\t\t\t<\/div>\n\t\t<div class=\"elementor-element elementor-element-007dc60 e-flex e-con-boxed e-con e-parent\" data-id=\"007dc60\" data-element_type=\"container\" data-e-type=\"container\" data-settings=\"{&quot;background_background&quot;:&quot;classic&quot;}\">\n\t\t\t\t\t<div class=\"e-con-inner\">\n\t\t\t\t<div class=\"elementor-element elementor-element-4932e6d elementor-widget elementor-widget-text-editor\" data-id=\"4932e6d\" data-element_type=\"widget\" data-e-type=\"widget\" data-widget_type=\"text-editor.default\">\n\t\t\t\t<div class=\"elementor-widget-container\">\n\t\t\t\t\t\t\t\t\t<h2 data-pm-slice=\"1 1 []\"><strong>IDENTIT\u00c9 DU PROPRI\u00c9TAIRE DU SITE WEB<\/strong><\/h2><p><strong>Nom commercial : <span style=\"font-weight: 400;\">Colla Castellera Tirallongues de Manresa<\/span><\/strong><\/p><p><strong>Nom de la SOCIETE: <span style=\"font-weight: 400;\">Colla Castellera Tirallongues de Manresa<\/span><\/strong>\u00a0(d\u00e9sormais LE PROPRI\u00c9TAIRE DU SITE WEB)<\/p><p><strong>NIF\u00a0: <span style=\"font-weight: 400;\">G60234549<\/span><\/strong><\/p><p><strong>Adresse: <span style=\"font-weight: 400;\">Pla\u00e7a Cots 5-6, Ancienne \u00c9glise de Casa Caritat, 08240 Manresa (Barcelone)<\/span><\/strong><\/p><p><strong>T\u00e9l\u00e9phone: <a href=\"tel:+34617305391\"><span style=\"font-weight: 400;\">617 305 391<\/span><\/a><\/strong><\/p><p><strong>e-mail: <a href=\"mailto:tirallonguesmanresa@gmail.com\"><span style=\"font-weight: 400;\">tirallonguesmanresa@gmail.com<\/span><\/a><\/strong><\/p><h2><strong>CONDITIONS JURIDIQUES<\/strong><\/h2><p>L&#039;utilisation de ce site Web attribue au navigateur la condition d&#039;utilisateur du site, ce qui implique l&#039;adh\u00e9sion aux pr\u00e9sentes conditions dans la version publi\u00e9e au moment o\u00f9 l&#039;acc\u00e8s est autoris\u00e9. Pour cette raison, LE PROPRI\u00c9TAIRE DU SITE WEB recommande \u00e0 l&#039;utilisateur de les lire attentivement chaque fois qu&#039;il acc\u00e8de au site Web. L&#039;acc\u00e8s \u00e0 certains contenus propos\u00e9s par l&#039;interm\u00e9diaire de ce site Internet peut \u00eatre soumis \u00e0 certaines conditions sp\u00e9cifiques qui, selon les cas, remplacent, compl\u00e8tent et\/ou modifient les pr\u00e9sentes conditions g\u00e9n\u00e9rales. Par cons\u00e9quent, avant d&#039;acc\u00e9der et\/ou d&#039;utiliser ces contenus, l&#039;utilisateur doit \u00e9galement lire attentivement les conditions particuli\u00e8res correspondantes. LE PROPRI\u00c9TAIRE DU SITE WEB peut modifier \u00e0 tout moment et sans pr\u00e9avis, la conception, la pr\u00e9sentation et\/ou la configuration du site Internet, ainsi que tout ou partie des Contenus, et modifier les conditions g\u00e9n\u00e9rales et\/ou particuli\u00e8res requises pour leur utilisation. .<\/p><h2><strong>RESPONSABILIT\u00c9 ET GARANTIE DU PROPRI\u00c9TAIRE DU SITE WEB<\/strong><\/h2><h3><strong>ACC\u00c9DER<\/strong><\/h3><p>De mani\u00e8re g\u00e9n\u00e9rale, les utilisateurs pourront acc\u00e9der au site Internet librement et gratuitement. Toutefois, LE PROPRI\u00c9TAIRE DU SITE se r\u00e9serve, conform\u00e9ment \u00e0 la l\u00e9gislation en vigueur, le droit de limiter l&#039;acc\u00e8s \u00e0 certaines zones du site Internet. Dans ces cas, comme condition pr\u00e9alable pour pouvoir acc\u00e9der au service, l&#039;Utilisateur doit s&#039;inscrire en fournissant toutes les informations demand\u00e9es, sous une forme \u00e0 jour et r\u00e9elle (voir politique de confidentialit\u00e9). L&#039;utilisation du mot de passe est personnelle et incessible, ne pouvant \u00eatre c\u00e9d\u00e9e, m\u00eame temporairement, \u00e0 des tiers. En ce sens, l&#039;Utilisateur s&#039;engage \u00e0 faire preuve de diligence et \u00e0 le garder secret, assumant l&#039;enti\u00e8re responsabilit\u00e9 des cons\u00e9quences de sa divulgation \u00e0 des tiers.<\/p><h3><strong>CONTENU<\/strong><\/h3><p>LE PROPRI\u00c9TAIRE DU SITE WEB se r\u00e9serve le droit d&#039;interrompre l&#039;acc\u00e8s \u00e0 son site Web, ainsi que la fourniture de tout ou partie du Contenu fourni par son interm\u00e9diaire, \u00e0 tout moment et sans pr\u00e9avis, que ce soit pour des raisons techniques, de s\u00e9curit\u00e9, de contr\u00f4le, de maintenance, de puissance. pannes d\u2019approvisionnement ou pour toute autre raison. Cette interruption peut \u00eatre temporaire ou permanente, auquel cas cette circonstance sera communiqu\u00e9e aux Utilisateurs, qui pourront subir la perte, le cas \u00e9ch\u00e9ant, des informations stock\u00e9es dans les diff\u00e9rents services. Par cons\u00e9quent, LE PROPRI\u00c9TAIRE DU SITE WEB ne garantit pas la fiabilit\u00e9, la disponibilit\u00e9 ou la continuit\u00e9 de son site Web ou des contenus, tant le sien que ceux d&#039;autres sites Web accessibles via des liens, de sorte que l&#039;utilisation de celui-ci par l&#039;utilisateur s&#039;effectue \u00e0 ses frais et risques, sans pouvoir, \u00e0 aucun moment, exiger la responsabilit\u00e9 du PROPRI\u00c9TAIRE DU SITE WEB \u00e0 cet \u00e9gard. LE PROPRI\u00c9TAIRE DU SITE WEB ne sera pas responsable de tout type de dommages, pertes, r\u00e9clamations ou d\u00e9penses de toute nature, pour les informations acquises ou accessibles par ou via le site Web, les virus informatiques, les pannes op\u00e9rationnelles ou les interruptions du service ou de la transmission, ou pannes de ligne. Il est interdit de transmettre ou d&#039;envoyer via le site Web tout contenu ill\u00e9gal ou illicite, virus informatiques ou messages qui, en g\u00e9n\u00e9ral, affectent ou violent les droits du PROPRI\u00c9TAIRE DU SITE WEB ou de tiers.<\/p><h3><strong>PROPRI\u00c9T\u00c9 INDUSTRIELLE ET INTELLECTUELLE<\/strong><\/h3><p>Ce site Web appartient au PROPRI\u00c9TAIRE DU SITE WEB. Les droits de propri\u00e9t\u00e9 intellectuelle et les droits d&#039;exploitation et de reproduction de ce site Internet, de ses pages, \u00e9crans, des informations qu&#039;ils contiennent, de son apparence et de sa conception, ainsi que des liens \u00e9tablis \u00e0 partir de celui-ci vers d&#039;autres pages, sont la propri\u00e9t\u00e9 exclusive de celui-ci, sauf indication contraire. Tous les noms, dessins et\/ou logos qui composent cette page sont des marques d\u00fbment d\u00e9pos\u00e9es. Toute personne qui se rendrait coupable de tels actes par une personne autre que son propri\u00e9taire l\u00e9gal pourra \u00eatre poursuivie conform\u00e9ment \u00e0 la l\u00e9gislation en vigueur. Les droits de propri\u00e9t\u00e9 intellectuelle et les marques de tiers sont mis en \u00e9vidence de mani\u00e8re appropri\u00e9e et doivent \u00eatre respect\u00e9s par toute personne acc\u00e9dant au site Internet. Ce n&#039;est que pour un usage personnel et priv\u00e9 qu&#039;il est permis de t\u00e9l\u00e9charger le contenu, de copier ou d&#039;imprimer n&#039;importe quelle page de ce site Web. Il est interdit de reproduire, transmettre, modifier ou supprimer les informations, le contenu ou les avertissements de ce site Web sans l&#039;autorisation \u00e9crite pr\u00e9alable du PROPRI\u00c9TAIRE DU SITE WEB.<\/p><h2><strong>L\u00c9GISLATION APPLICABLE<\/strong><\/h2><p>Ces conditions g\u00e9n\u00e9rales sont r\u00e9gies par la l\u00e9gislation espagnole.<\/p><h2><strong>POLITIQUE DE CONFIDENTIALIT\u00c9<\/strong><\/h2><p>Aux fins de la r\u00e9glementation en vigueur relative \u00e0 la protection des donn\u00e9es personnelles, LE PROPRI\u00c9TAIRE DU SITE WEB informe que les donn\u00e9es personnelles que vous pourrez fournir lors de la navigation sur notre site Web seront int\u00e9gr\u00e9es dans un traitement de donn\u00e9es du PROPRI\u00c9TAIRE DU SITE WEB, \u00e0 la charge de dans le seul but de pouvoir g\u00e9rer votre demande. Uniquement dans le cas o\u00f9 l&#039;utilisateur a donn\u00e9 son consentement expr\u00e8s, LE PROPRI\u00c9TAIRE DU SITE WEB lui enverra des informations ; technique, op\u00e9rationnel et commercial, par tout moyen, y compris le courrier \u00e9lectronique et\/ou tout moyen \u00e9quivalent, sur les produits, services, offres et actualit\u00e9s que nous consid\u00e9rons d&#039;int\u00e9r\u00eat pour l&#039;utilisateur. LE PROPRI\u00c9TAIRE DU SITE WEB s&#039;engage \u00e0 respecter son obligation de confidentialit\u00e9 des donn\u00e9es personnelles et son devoir de conservation et adoptera les mesures n\u00e9cessaires pour \u00e9viter leur alt\u00e9ration, perte, traitement ou acc\u00e8s non autoris\u00e9, en tenant compte de l&#039;\u00e9tat actuel de la technologie. , en respectant les mesures de s\u00e9curit\u00e9 techniques et organisationnelles. Enfin, nous vous informons de la possibilit\u00e9 d&#039;exercer les droits d&#039;acc\u00e8s, de rectification, d&#039;annulation et d&#039;opposition au moyen d&#039;un formulaire adress\u00e9 \u00e0 l&#039;administrateur du syst\u00e8me.<\/p>\t\t\t\t\t\t\t\t<\/div>\n\t\t\t\t<\/div>\n\t\t\t\t\t<\/div>\n\t\t\t\t<\/div>\n\t\t\t\t<\/div>","protected":false},"excerpt":{"rendered":"<p>IDENTITAT DEL TITULAR DEL LLOC WEB Nom comercial: Colla Castellera Tirallongues de Manresa Denominaci\u00f3 social: Colla Castellera Tirallongues de Manresa\u00a0(des d\u2019ara EL TITULAR DEL WEB) NIF: G60234549 Adre\u00e7a: Pla\u00e7a Cots 5-6, Antiga Esgl\u00e9sia de Casa Caritat, 08240 Manresa (Barcelona) Tel\u00e8fon: 617 305 391 eMail: tirallonguesmanresa@gmail.com TERMES LEGALS I CONDICIONS La utilitzaci\u00f3 d\u2019aquest lloc web atribueix [&hellip;]<\/p>","protected":false},"author":1,"featured_media":0,"parent":0,"menu_order":0,"comment_status":"closed","ping_status":"closed","template":"","meta":{"_acf_changed":false,"site-sidebar-layout":"no-sidebar","site-content-layout":"page-builder","ast-site-content-layout":"full-width-container","site-content-style":"default","site-sidebar-style":"default","ast-global-header-display":"","ast-banner-title-visibility":"","ast-main-header-display":"","ast-hfb-above-header-display":"","ast-hfb-below-header-display":"","ast-hfb-mobile-header-display":"","site-post-title":"disabled","ast-breadcrumbs-content":"","ast-featured-img":"disabled","footer-sml-layout":"","theme-transparent-header-meta":"","adv-header-id-meta":"","stick-header-meta":"","header-above-stick-meta":"","header-main-stick-meta":"","header-below-stick-meta":"","astra-migrate-meta-layouts":"set","ast-page-background-enabled":"default","ast-page-background-meta":{"desktop":{"background-color":"","background-image":"","background-repeat":"repeat","background-position":"center center","background-size":"auto","background-attachment":"scroll","background-type":"","background-media":"","overlay-type":"","overlay-color":"","overlay-opacity":"","overlay-gradient":""},"tablet":{"background-color":"","background-image":"","background-repeat":"repeat","background-position":"center center","background-size":"auto","background-attachment":"scroll","background-type":"","background-media":"","overlay-type":"","overlay-color":"","overlay-opacity":"","overlay-gradient":""},"mobile":{"background-color":"","background-image":"","background-repeat":"repeat","background-position":"center center","background-size":"auto","background-attachment":"scroll","background-type":"","background-media":"","overlay-type":"","overlay-color":"","overlay-opacity":"","overlay-gradient":""}},"ast-content-background-meta":{"desktop":{"background-color":"var(--ast-global-color-5)","background-image":"","background-repeat":"repeat","background-position":"center center","background-size":"auto","background-attachment":"scroll","background-type":"","background-media":"","overlay-type":"","overlay-color":"","overlay-opacity":"","overlay-gradient":""},"tablet":{"background-color":"var(--ast-global-color-5)","background-image":"","background-repeat":"repeat","background-position":"center center","background-size":"auto","background-attachment":"scroll","background-type":"","background-media":"","overlay-type":"","overlay-color":"","overlay-opacity":"","overlay-gradient":""},"mobile":{"background-color":"var(--ast-global-color-5)","background-image":"","background-repeat":"repeat","background-position":"center center","background-size":"auto","background-attachment":"scroll","background-type":"","background-media":"","overlay-type":"","overlay-color":"","overlay-opacity":"","overlay-gradient":""}},"footnotes":""},"class_list":["post-25748","page","type-page","status-publish","hentry"],"acf":[],"_links":{"self":[{"href":"https:\/\/tirallongues.cat\/fr\/wp-json\/wp\/v2\/pages\/25748","targetHints":{"allow":["GET"]}}],"collection":[{"href":"https:\/\/tirallongues.cat\/fr\/wp-json\/wp\/v2\/pages"}],"about":[{"href":"https:\/\/tirallongues.cat\/fr\/wp-json\/wp\/v2\/types\/page"}],"author":[{"embeddable":true,"href":"https:\/\/tirallongues.cat\/fr\/wp-json\/wp\/v2\/users\/1"}],"replies":[{"embeddable":true,"href":"https:\/\/tirallongues.cat\/fr\/wp-json\/wp\/v2\/comments?post=25748"}],"version-history":[{"count":6,"href":"https:\/\/tirallongues.cat\/fr\/wp-json\/wp\/v2\/pages\/25748\/revisions"}],"predecessor-version":[{"id":26888,"href":"https:\/\/tirallongues.cat\/fr\/wp-json\/wp\/v2\/pages\/25748\/revisions\/26888"}],"wp:attachment":[{"href":"https:\/\/tirallongues.cat\/fr\/wp-json\/wp\/v2\/media?parent=25748"}],"curies":[{"name":"wp","href":"https:\/\/api.w.org\/{rel}","templated":true}]}}