{"id":25774,"date":"2024-06-12T17:00:56","date_gmt":"2024-06-12T16:00:56","guid":{"rendered":"https:\/\/white-lemur-184173.hostingersite.com\/?page_id=25774"},"modified":"2024-06-12T17:02:17","modified_gmt":"2024-06-12T16:02:17","slug":"declaracio-daccessibilitat","status":"publish","type":"page","link":"https:\/\/tirallongues.cat\/fr\/declaracio-daccessibilitat\/","title":{"rendered":"D\u00e9claration d&#039;accessibilit\u00e9"},"content":{"rendered":"<div data-elementor-type=\"wp-page\" data-elementor-id=\"25774\" class=\"elementor elementor-25774\" data-elementor-post-type=\"page\">\n\t\t\t\t<div class=\"elementor-element elementor-element-f818c5e e-flex e-con-boxed e-con e-parent\" data-id=\"f818c5e\" data-element_type=\"container\" data-e-type=\"container\" data-settings=\"{&quot;background_background&quot;:&quot;classic&quot;,&quot;shape_divider_bottom&quot;:&quot;waves&quot;}\">\n\t\t\t\t\t<div class=\"e-con-inner\">\n\t\t\t\t<div class=\"elementor-shape elementor-shape-bottom\" aria-hidden=\"true\" data-negative=\"false\">\n\t\t\t<svg xmlns=\"http:\/\/www.w3.org\/2000\/svg\" viewbox=\"0 0 1000 100\" preserveaspectratio=\"none\">\n\t<path class=\"elementor-shape-fill\" d=\"M421.9,6.5c22.6-2.5,51.5,0.4,75.5,5.3c23.6,4.9,70.9,23.5,100.5,35.7c75.8,32.2,133.7,44.5,192.6,49.7\tc23.6,2.1,48.7,3.5,103.4-2.5c54.7-6,106.2-25.6,106.2-25.6V0H0v30.3c0,0,72,32.6,158.4,30.5c39.2-0.7,92.8-6.7,134-22.4\tc21.2-8.1,52.2-18.2,79.7-24.2C399.3,7.9,411.6,7.5,421.9,6.5z\"\/>\n<\/svg>\t\t<\/div>\n\t\t<div class=\"elementor-element elementor-element-2d0bf2a e-con-full e-flex e-con e-child\" data-id=\"2d0bf2a\" data-element_type=\"container\" data-e-type=\"container\">\n\t\t\t\t<\/div>\n\t\t\t\t\t<\/div>\n\t\t\t\t<\/div>\n\t\t<div class=\"elementor-element elementor-element-2cdc5b5 e-flex e-con-boxed e-con e-parent\" data-id=\"2cdc5b5\" data-element_type=\"container\" data-e-type=\"container\" data-settings=\"{&quot;background_background&quot;:&quot;classic&quot;}\">\n\t\t\t\t\t<div class=\"e-con-inner\">\n\t\t\t\t<div class=\"elementor-element elementor-element-8425946 elementor-widget elementor-widget-text-editor\" data-id=\"8425946\" data-element_type=\"widget\" data-e-type=\"widget\" data-widget_type=\"text-editor.default\">\n\t\t\t\t<div class=\"elementor-widget-container\">\n\t\t\t\t\t\t\t\t\t<p>Nous nous engageons \u00e0 rendre notre site Internet accessible conform\u00e9ment aux\u00a0<a href=\"https:\/\/www.boe.es\/buscar\/act.php?id=BOE-A-2018-12699\" target=\"_blank\" rel=\"noopener\">D\u00e9cret royal 1112\/2018, du 7 septembre<\/a>\u00a0sur l&#039;accessibilit\u00e9 des sites Web et des applications pour les appareils mobiles du secteur public (d\u00e9sormais, d\u00e9cret royal 1112\/2018, du 7 septembre).<\/p><h5>\u00a0<\/h5><h5><b>SITUATION DE CONFORMIT\u00c9<\/b><\/h5><p>Ce site Web est partiellement conforme au d\u00e9cret royal 1112\/2018 du 7 septembre en raison du non-respect des aspects indiqu\u00e9s ci-dessous.<\/p><h5><b>CONTENU NON ACCESSIBLE<\/b><\/h5><p>Le contenu collect\u00e9 ci-dessous n&#039;est pas accessible par :<\/p><ol><li aria-level=\"1\">Manque de conformit\u00e9 avec le d\u00e9cret royal 1112\/2018 du 7 septembre\u00a0: il peut y avoir des erreurs d&#039;\u00e9dition sp\u00e9cifiques sur certaines pages Web, tant dans le contenu HTML que dans les documents finaux, publi\u00e9s \u00e0 une date post\u00e9rieure au 20 septembre 2018 (date d&#039;entr\u00e9e en vigueur du D\u00e9cret royal 1112\/2018, du 7 septembre). Plus pr\u00e9cis\u00e9ment, il peut y avoir des erreurs dans les documents contenant des graphiques, des tableaux complexes ou ceux sign\u00e9s \u00e9lectroniquement avant l&#039;examen d&#039;accessibilit\u00e9.<\/li><li aria-level=\"1\">Fardeau disproportionn\u00e9 : Sans objet.<\/li><li aria-level=\"1\">Le contenu n&#039;entre pas dans le champ d&#039;application de la l\u00e9gislation applicable : Il existe des fichiers bureautiques au format PDF ou autres formats publi\u00e9s avant le 20 septembre 2018 qui ne r\u00e9pondent pas pleinement \u00e0 toutes les exigences d&#039;accessibilit\u00e9 ; le contenu tiers non financ\u00e9, d\u00e9velopp\u00e9 ou sous le contr\u00f4le du minist\u00e8re peut \u00e9galement se trouver dans cette situation.<\/li><\/ol><p>\u00a0<\/p><h5><b>PR\u00c9PARATION DE CETTE D\u00c9CLARATION D&#039;ACCESSIBILIT\u00c9<\/b><\/h5><p>Cette d\u00e9claration a \u00e9t\u00e9 pr\u00e9par\u00e9e le 12 juin 2024.<\/p><p>La m\u00e9thode utilis\u00e9e pour pr\u00e9parer la d\u00e9claration \u00e9tait une auto-\u00e9valuation r\u00e9alis\u00e9e par l\u2019organisme lui-m\u00eame.<\/p><h5><b>OBSERVATIONS ET COORDONN\u00c9ES<\/b><\/h5><p>Vous pouvez faire des communications sur les exigences d&#039;accessibilit\u00e9 (article 10.2.a) du d\u00e9cret royal 1112\/2018 du 7 septembre), comme par exemple\u00a0:<\/p><p>Signalez toute non-conformit\u00e9 \u00e9ventuelle de la part de ce site.<\/p><p>Transmettre d\u2019autres difficult\u00e9s d\u2019acc\u00e8s au contenu.<\/p><p>Formuler toute autre question ou suggestion d\u2019am\u00e9lioration concernant l\u2019accessibilit\u00e9 du site Internet.<\/p><p>Par les moyens suivants :<\/p><ul><li aria-level=\"1\">E-mail: <a href=\"mailto:tirallonguesmanresa@gmail.com\"><span style=\"font-weight: 400;\">tirallonguesmanresa@gmail.com<\/span><\/a><\/li><li aria-level=\"1\">T\u00e9l\u00e9phone: <a href=\"tel:+34617305391\"><span style=\"font-weight: 400;\">617305391<\/span><\/a><\/li><li aria-level=\"1\">Les communications seront re\u00e7ues et trait\u00e9es \u00e0 l&#039;adresse de l&#039;entreprise en tant qu&#039;unit\u00e9 responsable du contenu de ce site Web.<\/li><\/ul><p>\u00a0<\/p><h5><b>CONTENU OPTIONNEL<\/b><\/h5><p>La version actuellement visible de ce site Web date de juin 2024 et a \u00e9t\u00e9 r\u00e9vis\u00e9e au niveau d&#039;accessibilit\u00e9 actuel \u00e0 cette date.<\/p><p>\u00c0 partir de la date susmentionn\u00e9e, des r\u00e9visions partielles quotidiennes du contenu Web nouveau ou modifi\u00e9 sont effectu\u00e9es, tant des mod\u00e8les que des pages et documents finaux publi\u00e9s, afin d&#039;assurer le respect des exigences d&#039;accessibilit\u00e9 de la norme UNE- EN 301549:2019. , compte tenu des exceptions du d\u00e9cret royal 1112\/2018 du 7 septembre.<\/p><p>Entre autres, les mesures suivantes sont adopt\u00e9es pour faciliter l\u2019accessibilit\u00e9 :<\/p><ul><li aria-level=\"1\">Utilisation de texte alternatif sur les images.<\/li><li aria-level=\"1\">Les liens fournissent des d\u00e9tails sur la fonction ou la destination du lien hypertexte.<\/li><li aria-level=\"1\">Utilisation des standards W3C : XHTML 1.0, CSS 3.0, WAI AA<\/li><\/ul>\t\t\t\t\t\t\t\t<\/div>\n\t\t\t\t<\/div>\n\t\t\t\t\t<\/div>\n\t\t\t\t<\/div>\n\t\t\t\t<\/div>","protected":false},"excerpt":{"rendered":"<p>Estem compromesos a fer accessible el nostre lloc web de conformitat amb el\u00a0Reial Decret 1112\/2018, de 7 de setembre,\u00a0sobre accessibilitat dels llocs web i aplicacions per a dispositius m\u00f2bils del sector p\u00fablic (d\u2019ara endavant, Reial Decret 1112\/2018, de 7 de setembre). \u00a0 SITUACI\u00d3 DE COMPLIMENT Aquest lloc web \u00e9s parcialment conforme amb el Reial decret [&hellip;]<\/p>","protected":false},"author":1,"featured_media":0,"parent":0,"menu_order":0,"comment_status":"closed","ping_status":"closed","template":"","meta":{"_acf_changed":false,"site-sidebar-layout":"no-sidebar","site-content-layout":"page-builder","ast-site-content-layout":"full-width-container","site-content-style":"default","site-sidebar-style":"default","ast-global-header-display":"","ast-banner-title-visibility":"","ast-main-header-display":"","ast-hfb-above-header-display":"","ast-hfb-below-header-display":"","ast-hfb-mobile-header-display":"","site-post-title":"disabled","ast-breadcrumbs-content":"","ast-featured-img":"disabled","footer-sml-layout":"","theme-transparent-header-meta":"","adv-header-id-meta":"","stick-header-meta":"","header-above-stick-meta":"","header-main-stick-meta":"","header-below-stick-meta":"","astra-migrate-meta-layouts":"set","ast-page-background-enabled":"default","ast-page-background-meta":{"desktop":{"background-color":"","background-image":"","background-repeat":"repeat","background-position":"center center","background-size":"auto","background-attachment":"scroll","background-type":"","background-media":"","overlay-type":"","overlay-color":"","overlay-opacity":"","overlay-gradient":""},"tablet":{"background-color":"","background-image":"","background-repeat":"repeat","background-position":"center center","background-size":"auto","background-attachment":"scroll","background-type":"","background-media":"","overlay-type":"","overlay-color":"","overlay-opacity":"","overlay-gradient":""},"mobile":{"background-color":"","background-image":"","background-repeat":"repeat","background-position":"center center","background-size":"auto","background-attachment":"scroll","background-type":"","background-media":"","overlay-type":"","overlay-color":"","overlay-opacity":"","overlay-gradient":""}},"ast-content-background-meta":{"desktop":{"background-color":"var(--ast-global-color-5)","background-image":"","background-repeat":"repeat","background-position":"center center","background-size":"auto","background-attachment":"scroll","background-type":"","background-media":"","overlay-type":"","overlay-color":"","overlay-opacity":"","overlay-gradient":""},"tablet":{"background-color":"var(--ast-global-color-5)","background-image":"","background-repeat":"repeat","background-position":"center center","background-size":"auto","background-attachment":"scroll","background-type":"","background-media":"","overlay-type":"","overlay-color":"","overlay-opacity":"","overlay-gradient":""},"mobile":{"background-color":"var(--ast-global-color-5)","background-image":"","background-repeat":"repeat","background-position":"center center","background-size":"auto","background-attachment":"scroll","background-type":"","background-media":"","overlay-type":"","overlay-color":"","overlay-opacity":"","overlay-gradient":""}},"footnotes":""},"class_list":["post-25774","page","type-page","status-publish","hentry"],"acf":[],"_links":{"self":[{"href":"https:\/\/tirallongues.cat\/fr\/wp-json\/wp\/v2\/pages\/25774","targetHints":{"allow":["GET"]}}],"collection":[{"href":"https:\/\/tirallongues.cat\/fr\/wp-json\/wp\/v2\/pages"}],"about":[{"href":"https:\/\/tirallongues.cat\/fr\/wp-json\/wp\/v2\/types\/page"}],"author":[{"embeddable":true,"href":"https:\/\/tirallongues.cat\/fr\/wp-json\/wp\/v2\/users\/1"}],"replies":[{"embeddable":true,"href":"https:\/\/tirallongues.cat\/fr\/wp-json\/wp\/v2\/comments?post=25774"}],"version-history":[{"count":4,"href":"https:\/\/tirallongues.cat\/fr\/wp-json\/wp\/v2\/pages\/25774\/revisions"}],"predecessor-version":[{"id":25778,"href":"https:\/\/tirallongues.cat\/fr\/wp-json\/wp\/v2\/pages\/25774\/revisions\/25778"}],"wp:attachment":[{"href":"https:\/\/tirallongues.cat\/fr\/wp-json\/wp\/v2\/media?parent=25774"}],"curies":[{"name":"wp","href":"https:\/\/api.w.org\/{rel}","templated":true}]}}