{"id":26886,"date":"2025-04-24T15:02:17","date_gmt":"2025-04-24T13:02:17","guid":{"rendered":"https:\/\/white-lemur-184173.hostingersite.com\/?page_id=26886"},"modified":"2025-04-24T15:03:05","modified_gmt":"2025-04-24T13:03:05","slug":"politica-de-cookies","status":"publish","type":"page","link":"https:\/\/tirallongues.cat\/fr\/politica-de-cookies\/","title":{"rendered":"Politique relative aux cookies"},"content":{"rendered":"<div data-elementor-type=\"wp-page\" data-elementor-id=\"26886\" class=\"elementor elementor-26886\" data-elementor-post-type=\"page\">\n\t\t\t\t<div class=\"elementor-element elementor-element-edb8d48 e-flex e-con-boxed e-con e-parent\" data-id=\"edb8d48\" data-element_type=\"container\" data-e-type=\"container\" data-settings=\"{&quot;background_background&quot;:&quot;classic&quot;,&quot;shape_divider_bottom&quot;:&quot;waves&quot;}\">\n\t\t\t\t\t<div class=\"e-con-inner\">\n\t\t\t\t<div class=\"elementor-shape elementor-shape-bottom\" aria-hidden=\"true\" data-negative=\"false\">\n\t\t\t<svg xmlns=\"http:\/\/www.w3.org\/2000\/svg\" viewbox=\"0 0 1000 100\" preserveaspectratio=\"none\">\n\t<path class=\"elementor-shape-fill\" d=\"M421.9,6.5c22.6-2.5,51.5,0.4,75.5,5.3c23.6,4.9,70.9,23.5,100.5,35.7c75.8,32.2,133.7,44.5,192.6,49.7\tc23.6,2.1,48.7,3.5,103.4-2.5c54.7-6,106.2-25.6,106.2-25.6V0H0v30.3c0,0,72,32.6,158.4,30.5c39.2-0.7,92.8-6.7,134-22.4\tc21.2-8.1,52.2-18.2,79.7-24.2C399.3,7.9,411.6,7.5,421.9,6.5z\"\/>\n<\/svg>\t\t<\/div>\n\t\t<div class=\"elementor-element elementor-element-f07c037 e-con-full e-flex e-con e-child\" data-id=\"f07c037\" data-element_type=\"container\" data-e-type=\"container\">\n\t\t\t\t<\/div>\n\t\t\t\t\t<\/div>\n\t\t\t\t<\/div>\n\t\t<div class=\"elementor-element elementor-element-7eb19a9 e-flex e-con-boxed e-con e-parent\" data-id=\"7eb19a9\" data-element_type=\"container\" data-e-type=\"container\" data-settings=\"{&quot;background_background&quot;:&quot;classic&quot;}\">\n\t\t\t\t\t<div class=\"e-con-inner\">\n\t\t\t\t<div class=\"elementor-element elementor-element-8c919ee elementor-widget elementor-widget-text-editor\" data-id=\"8c919ee\" data-element_type=\"widget\" data-e-type=\"widget\" data-widget_type=\"text-editor.default\">\n\t\t\t\t<div class=\"elementor-widget-container\">\n\t\t\t\t\t\t\t\t\t<p><b>Quels sont les <\/b><b><i>cookies<\/i><\/b><b>?<\/b><\/p><p><span style=\"font-weight: 400;\">le <\/span><i><span style=\"font-weight: 400;\">cookies<\/span><\/i><span style=\"font-weight: 400;\"> ce sont de petits fichiers de donn\u00e9es qui sont re\u00e7us dans le terminal du site Web visit\u00e9 et sont utilis\u00e9s pour enregistrer certaines interactions de la navigation sur un site Web en stockant des donn\u00e9es qui peuvent \u00eatre mises \u00e0 jour et r\u00e9cup\u00e9r\u00e9es. Ces fichiers sont stock\u00e9s sur l&#039;ordinateur de l&#039;utilisateur et contiennent des donn\u00e9es anonymes qui ne nuisent pas \u00e0 son ordinateur. Ils sont utilis\u00e9s pour m\u00e9moriser les pr\u00e9f\u00e9rences de l&#039;utilisateur, telles que la langue s\u00e9lectionn\u00e9e, les donn\u00e9es d&#039;acc\u00e8s ou la personnalisation de la page.<\/span><\/p><p><span style=\"font-weight: 400;\">le <\/span><i><span style=\"font-weight: 400;\">cookies<\/span><\/i><span style=\"font-weight: 400;\"> ils peuvent \u00e9galement \u00eatre utilis\u00e9s pour enregistrer des informations anonymes sur la mani\u00e8re dont le visiteur utilise le site. Par exemple, \u00e0 partir de quelle page Web vous y avez acc\u00e9d\u00e9 ou si vous avez utilis\u00e9 une banni\u00e8re publicitaire pour y acc\u00e9der.<\/span><\/p><p><b>Pourquoi CE SITE WEB utilise <\/b><b><i>cookies<\/i><\/b><b>?<\/b><\/p><p><span style=\"font-weight: 400;\">CE SITE WEB utilise <\/span><i><span style=\"font-weight: 400;\">cookies<\/span><\/i><span style=\"font-weight: 400;\"> strictement n\u00e9cessaires et indispensables pour que vous puissiez utiliser nos sites Internet et pouvoir vous d\u00e9placer librement, utiliser les espaces s\u00e9curis\u00e9s, configurer des options personnalis\u00e9es, etc. De plus, utilisez <\/span><i><span style=\"font-weight: 400;\">cookies<\/span><\/i><span style=\"font-weight: 400;\"> qui collectent des donn\u00e9es relatives \u00e0 l\u2019analyse de l\u2019utilisation du Web. Ceux-ci sont utilis\u00e9s pour contribuer \u00e0 am\u00e9liorer le service rendu \u00e0 l&#039;utilisateur, en mesurant l&#039;utilisation et les performances de la page pour l&#039;optimiser et la personnaliser.<\/span><\/p><p><span style=\"font-weight: 400;\">Nos sites peuvent \u00e9galement contenir des liens vers des r\u00e9seaux sociaux (tels que Facebook ou Twitter). CE SITE WEB ne contr\u00f4le pas le <\/span><i><span style=\"font-weight: 400;\">cookies<\/span><\/i><span style=\"font-weight: 400;\"> utilis\u00e9s par ces sites Web externes. Pour plus d&#039;informations sur le<\/span><i><span style=\"font-weight: 400;\">cookies<\/span><\/i><span style=\"font-weight: 400;\"> des r\u00e9seaux sociaux ou autres sites Internet tiers, nous vous conseillons de revoir vos propres politiques <\/span><i><span style=\"font-weight: 400;\">cookies<\/span><\/i><span style=\"font-weight: 400;\">.<\/span><\/p><p><b>Quelle utilisation donnons-nous aux diff\u00e9rents types de <\/b><b><i>cookies<\/i><\/b><b>?<\/b><\/p><p><b>Selon sa finalit\u00e9 :<\/b><\/p><p><b>Cookies techniques<\/b><\/p><p><span style=\"font-weight: 400;\">le <\/span><i><span style=\"font-weight: 400;\">cookies<\/span><\/i><span style=\"font-weight: 400;\"> les techniques sont celles essentielles et strictement n\u00e9cessaires au bon fonctionnement d\u2019un portail web et \u00e0 l\u2019utilisation des diff\u00e9rentes options et services qu\u2019il propose.<\/span><\/p><p><span style=\"font-weight: 400;\">\u00a0Par exemple, ceux utilis\u00e9s pour le maintien des sessions, la gestion des temps de r\u00e9ponse, la performance ou la validation des options, l&#039;utilisation d&#039;\u00e9l\u00e9ments de s\u00e9curit\u00e9, le partage de contenus avec les r\u00e9seaux sociaux, etc.<\/span><\/p><p><b>Cookies de personnalisation<\/b><\/p><p><span style=\"font-weight: 400;\">Ces <\/span><i><span style=\"font-weight: 400;\">cookies<\/span><\/i><span style=\"font-weight: 400;\"> permettre \u00e0 l&#039;utilisateur de sp\u00e9cifier ou de personnaliser certaines fonctionnalit\u00e9s des options g\u00e9n\u00e9rales de la page Web. Par exemple, d\u00e9finissez la langue, les param\u00e8tres r\u00e9gionaux ou le type de navigateur.<\/span><\/p><p><b>Cookies analytiques<\/b><\/p><p><span style=\"font-weight: 400;\">le <\/span><i><span style=\"font-weight: 400;\">cookies<\/span><\/i><span style=\"font-weight: 400;\"> Les analyses sont celles utilis\u00e9es par nos portails Web pour d\u00e9velopper des profils de navigation et conna\u00eetre les pr\u00e9f\u00e9rences des utilisateurs afin d&#039;am\u00e9liorer l&#039;offre de produits et de services.<\/span><\/p><p><span style=\"font-weight: 400;\">Par exemple, gr\u00e2ce \u00e0 un <\/span><i><span style=\"font-weight: 400;\">biscuit<\/span><\/i><span style=\"font-weight: 400;\"> de mani\u00e8re analytique, les zones g\u00e9ographiques pr\u00e9sentant le plus d&#039;int\u00e9r\u00eat pour un utilisateur, le produit le plus accept\u00e9, etc. seraient surveill\u00e9es.<\/span><\/p><p><b>Cookies publicitaires\/publicitaires<\/b><\/p><p><span style=\"font-weight: 400;\">le <\/span><i><span style=\"font-weight: 400;\">cookies<\/span><\/i><span style=\"font-weight: 400;\"> publicitaires permettent la gestion d&#039;espaces publicitaires selon des crit\u00e8res pr\u00e9cis. Par exemple, la fr\u00e9quence d&#039;acc\u00e8s, le contenu \u00e9dit\u00e9, etc.<\/span><\/p><p><span style=\"font-weight: 400;\">le <\/span><i><span style=\"font-weight: 400;\">cookies<\/span><\/i><span style=\"font-weight: 400;\"> les soci\u00e9t\u00e9s de publicit\u00e9 permettent, \u00e0 travers la gestion de la publicit\u00e9, de stocker des informations comportementales \u00e0 travers l&#039;observation des habitudes, l&#039;\u00e9tude des acc\u00e8s et la constitution d&#039;un profil des pr\u00e9f\u00e9rences de l&#039;utilisateur, afin de lui proposer des publicit\u00e9s li\u00e9es aux int\u00e9r\u00eats de votre profil.<\/span><\/p><p><b>Selon d\u00e9lai :<\/b><\/p><p><b>Cookies de session<\/b><\/p><p><span style=\"font-weight: 400;\">le <\/span><i><span style=\"font-weight: 400;\">cookies<\/span><\/i><span style=\"font-weight: 400;\"> les cookies de session sont ceux qui durent aussi longtemps que l&#039;utilisateur navigue sur la page Web et sont supprim\u00e9s une fois cette navigation termin\u00e9e.<\/span><\/p><p><b>Cookies persistants<\/b><\/p><p><span style=\"font-weight: 400;\">Ces <\/span><i><span style=\"font-weight: 400;\">cookies<\/span><\/i><span style=\"font-weight: 400;\"> ils sont stock\u00e9s plus longtemps sur le terminal de l&#039;utilisateur, facilitant ainsi le contr\u00f4le des pr\u00e9f\u00e9rences choisies sans avoir \u00e0 r\u00e9p\u00e9ter certains param\u00e8tres \u00e0 chaque visite du site Internet.<\/span><\/p><p><b>Et si je ne veux pas avoir \u00e7a <\/b><b><i>cookies<\/i><\/b><b> ou je ne fais rien ?<\/b><\/p><p><span style=\"font-weight: 400;\">Pour respecter la l\u00e9gislation en vigueur, nous devons vous demander votre autorisation pour g\u00e9rer <\/span><i><span style=\"font-weight: 400;\">cookies<\/span><\/i><span style=\"font-weight: 400;\">. Si vous choisissez de ne pas autoriser le traitement en nous indiquant que vous n&#039;\u00eates pas d&#039;accord, nous les utiliserons uniquement <\/span><i><span style=\"font-weight: 400;\">cookies<\/span><\/i><span style=\"font-weight: 400;\"> techniques, car elles sont essentielles pour naviguer sur notre site Internet. Dans ce cas, nous ne stockerions aucun <\/span><i><span style=\"font-weight: 400;\">biscuit<\/span><\/i><span style=\"font-weight: 400;\">. Si vous continuez \u00e0 naviguer sur notre site Internet sans refuser votre autorisation, cela signifie que vous acceptez son utilisation.<\/span><\/p><p><span style=\"font-weight: 400;\">Notez que si vous rejetez ou supprimez le <\/span><i><span style=\"font-weight: 400;\">cookies<\/span><\/i><span style=\"font-weight: 400;\"> de la navigation sur le Web, nous ne pourrons pas conserver vos pr\u00e9f\u00e9rences, certaines fonctionnalit\u00e9s des pages ne seront pas op\u00e9rationnelles, nous ne pourrons pas vous offrir des services personnalis\u00e9s et chaque fois que vous naviguerez sur notre site Web, nous devrons vous demander \u00e0 nouveau votre autorisation \u00e0 l&#039;utilisation de <\/span><i><span style=\"font-weight: 400;\">cookies<\/span><\/i><span style=\"font-weight: 400;\">.<\/span><\/p><p><span style=\"font-weight: 400;\">Si toutefois vous d\u00e9cidez de modifier la configuration de vos acc\u00e8s au site internet, sachez qu&#039;il est possible de les supprimer. <\/span><i><span style=\"font-weight: 400;\">cookies<\/span><\/i><span style=\"font-weight: 400;\"> ou emp\u00eacher \u00e0 tout moment l&#039;enregistrement de ces informations sur votre ordinateur en modifiant les param\u00e8tres de votre navigateur :<\/span><\/p><ul><li style=\"font-weight: 400;\" aria-level=\"1\"><a href=\"https:\/\/windows.microsoft.com\/es-es\/windows-vista\/block-or-allow-cookies\" target=\"_blank\" rel=\"noopener\"><span style=\"font-weight: 400;\">Configuration de <\/span><i><span style=\"font-weight: 400;\">cookies<\/span><\/i><span style=\"font-weight: 400;\"> depuis Internet Explorer<\/span><\/a><\/li><li style=\"font-weight: 400;\" aria-level=\"1\"><a href=\"https:\/\/support.mozilla.org\/ca\/kb\/enable-and-disable-cookies-website-preferences\" target=\"_blank\" rel=\"noopener\"><span style=\"font-weight: 400;\">Configuration de <\/span><i><span style=\"font-weight: 400;\">cookies<\/span><\/i><span style=\"font-weight: 400;\"> de Firefox<\/span><\/a><\/li><li style=\"font-weight: 400;\" aria-level=\"1\"><a href=\"https:\/\/support.google.com\/chrome\/answer\/95647?hl=ca\" target=\"_blank\" rel=\"noopener\"><span style=\"font-weight: 400;\">Configuration de <\/span><i><span style=\"font-weight: 400;\">cookies<\/span><\/i><span style=\"font-weight: 400;\"> de Google Chrome<\/span><\/a><\/li><li style=\"font-weight: 400;\" aria-level=\"1\"><a href=\"https:\/\/support.apple.com\/kb\/HT1677?viewlocale=es_ES&amp;locale=es_ES\" target=\"_blank\" rel=\"noopener\"><span style=\"font-weight: 400;\">Configuration de <\/span><i><span style=\"font-weight: 400;\">cookies<\/span><\/i><span style=\"font-weight: 400;\"> de Safari<\/span><\/a><\/li><\/ul><p><span style=\"font-weight: 400;\">Ces navigateurs sont sujets \u00e0 des mises \u00e0 jour ou \u00e0 des modifications, nous ne pouvons donc pas garantir qu&#039;ils correspondront enti\u00e8rement \u00e0 la version de votre navigateur. Vous utilisez peut-\u00eatre \u00e9galement un autre navigateur non couvert dans ces liens, tel que Konqueror, Arora, Flock, etc.<\/span><\/p><p><span style=\"font-weight: 400;\">Pour \u00e9viter ces discordances, vous pouvez acc\u00e9der directement depuis les options de votre navigateur qui se trouvent g\u00e9n\u00e9ralement dans le menu Options, dans la rubrique \u00ab Confidentialit\u00e9 \u00bb. (Veuillez consulter l&#039;aide de votre navigateur pour plus d&#039;informations.)<\/span><\/p><p><b>Les donn\u00e9es collect\u00e9es dans <\/b><b><i>cookies<\/i><\/b><b>, sont-ils utilis\u00e9s sur des sites Web autres que CE SITE WEB\u00a0?<\/b><\/p><p><span style=\"font-weight: 400;\">Un des n\u00f4tres <\/span><i><span style=\"font-weight: 400;\">cookies<\/span><\/i><span style=\"font-weight: 400;\"> il est utilis\u00e9 pour g\u00e9n\u00e9rer de la publicit\u00e9 sur des r\u00e9seaux tiers ou pour effectuer des analyses pour lesquelles nous utilisons des outils externes sur CE SITE WEB. le <\/span><i><span style=\"font-weight: 400;\">cookies<\/span><\/i><span style=\"font-weight: 400;\"> employ\u00e9s sont \u00e0 l&#039;usage exclusif de la banque et de son groupe de soci\u00e9t\u00e9s, qui en aucun cas ne les commercialise.<\/span><\/p><p><span style=\"font-weight: 400;\">Dans CE SITE WEB, nous travaillons avec des fournisseurs fiables qui nous aident dans la gestion et la personnalisation de nos pages Web.<\/span><\/p><p><b>Alors, que signifient les informations ci-dessus\u00a0?<\/b><\/p><p><span style=\"font-weight: 400;\">Si tu acceptes le n\u00f4tre <\/span><i><span style=\"font-weight: 400;\">cookies<\/span><\/i><span style=\"font-weight: 400;\">, nous permet d&#039;am\u00e9liorer les sites Internet de CE SITE WEB pour vous offrir un acc\u00e8s optimal et vous offrir un service plus efficace et personnalis\u00e9.<\/span><\/p><p><span style=\"font-weight: 400;\">De plus, vous pouvez configurer votre navigateur de mani\u00e8re \u00e0 ce que seuls les sites Web ou les pages de confiance que vous parcourez actuellement puissent g\u00e9rer <\/span><i><span style=\"font-weight: 400;\">cookies<\/span><\/i><span style=\"font-weight: 400;\">, qui vous permet de s\u00e9lectionner vos pr\u00e9f\u00e9rences.<\/span><\/p><p><span style=\"font-weight: 400;\">Avec cette politique, CE SITE WEB d\u00e9montre son engagement envers la l\u00e9gislation en vigueur sur l&#039;utilisation de <\/span><i><span style=\"font-weight: 400;\">cookies<\/span><\/i><span style=\"font-weight: 400;\">, vous donnant des informations afin que vous puissiez comprendre quel type de <\/span><i><span style=\"font-weight: 400;\">cookies<\/span><\/i><span style=\"font-weight: 400;\">nous utiliserons et pourquoi nous le faisons. Nous souhaitons ainsi vous offrir de la transparence quant aux donn\u00e9es trait\u00e9es lors de la navigation effectu\u00e9e depuis votre ordinateur sur notre site Internet.<\/span><\/p><p><span style=\"font-weight: 400;\">Cette politique est r\u00e9vis\u00e9e p\u00e9riodiquement pour garantir sa validit\u00e9, elle peut donc \u00eatre modifi\u00e9e. Nous vous recommandons de visiter r\u00e9guli\u00e8rement la page, o\u00f9 nous vous informerons de toute mise \u00e0 jour.<\/span><\/p><p><b>O\u00f9 puis-je obtenir plus d&#039;informations ?<\/b><\/p><p><span style=\"font-weight: 400;\">Si vous avez besoin de plus d&#039;informations sur la directive de <\/span><i><span style=\"font-weight: 400;\">cookies<\/span><\/i><span style=\"font-weight: 400;\">, veuillez consulter le Journal Officiel de l&#039;\u00c9tat publi\u00e9 le 31 mars 2012 (pour l&#039;Espagne), qui transpose les directives sur les communications \u00e9lectroniques. La directive peut \u00e9galement \u00eatre consult\u00e9e \u00e0 l&#039;adresse suivante <\/span><a href=\"https:\/\/ico.org.uk\/\" target=\"_blank\" rel=\"noopener\"><span style=\"font-weight: 400;\">Bureau du commissaire \u00e0 l&#039;information<\/span><\/a><span style=\"font-weight: 400;\"> (En anglais).<\/span><\/p><p><span style=\"font-weight: 400;\">De plus, vous pouvez acc\u00e9der \u00e0 quelques vid\u00e9os \u00e9ducatives publi\u00e9es par l&#039;Agence espagnole de protection des donn\u00e9es dans lesquelles il est expliqu\u00e9, \u00e9tape par \u00e9tape, comment configurer les options de confidentialit\u00e9 des navigateurs, des r\u00e9seaux sociaux et des syst\u00e8mes d&#039;exploitation mobiles les plus courants, sur <\/span><a href=\"https:\/\/www.youtube.com\/user\/desdelaAEPD\" target=\"_blank\" rel=\"noopener\"><span style=\"font-weight: 400;\">Vid\u00e9os de l&#039;AEPD<\/span><\/a><span style=\"font-weight: 400;\">.<\/span><\/p>\t\t\t\t\t\t\t\t<\/div>\n\t\t\t\t<\/div>\n\t\t\t\t\t<\/div>\n\t\t\t\t<\/div>\n\t\t\t\t<\/div>","protected":false},"excerpt":{"rendered":"<p>Qu\u00e8 s\u00f3n les cookies? Les cookies s\u00f3n petits arxius de dades que es reben en el terminal des del lloc web visitat i s\u2019usen per registrar certes interacciones de la navegaci\u00f3 en un lloc web emmagatzemant dades que podran ser actualitzades i recuperades. Aquests arxius s\u2019emmagatzemen en l\u2019ordinador de l\u2019usuari i contenen dades an\u00f2nimes que [&hellip;]<\/p>","protected":false},"author":1,"featured_media":0,"parent":0,"menu_order":0,"comment_status":"closed","ping_status":"closed","template":"","meta":{"_acf_changed":false,"site-sidebar-layout":"no-sidebar","site-content-layout":"page-builder","ast-site-content-layout":"full-width-container","site-content-style":"default","site-sidebar-style":"default","ast-global-header-display":"","ast-banner-title-visibility":"","ast-main-header-display":"","ast-hfb-above-header-display":"","ast-hfb-below-header-display":"","ast-hfb-mobile-header-display":"","site-post-title":"disabled","ast-breadcrumbs-content":"","ast-featured-img":"disabled","footer-sml-layout":"","theme-transparent-header-meta":"","adv-header-id-meta":"","stick-header-meta":"","header-above-stick-meta":"","header-main-stick-meta":"","header-below-stick-meta":"","astra-migrate-meta-layouts":"set","ast-page-background-enabled":"default","ast-page-background-meta":{"desktop":{"background-color":"","background-image":"","background-repeat":"repeat","background-position":"center center","background-size":"auto","background-attachment":"scroll","background-type":"","background-media":"","overlay-type":"","overlay-color":"","overlay-opacity":"","overlay-gradient":""},"tablet":{"background-color":"","background-image":"","background-repeat":"repeat","background-position":"center center","background-size":"auto","background-attachment":"scroll","background-type":"","background-media":"","overlay-type":"","overlay-color":"","overlay-opacity":"","overlay-gradient":""},"mobile":{"background-color":"","background-image":"","background-repeat":"repeat","background-position":"center center","background-size":"auto","background-attachment":"scroll","background-type":"","background-media":"","overlay-type":"","overlay-color":"","overlay-opacity":"","overlay-gradient":""}},"ast-content-background-meta":{"desktop":{"background-color":"var(--ast-global-color-5)","background-image":"","background-repeat":"repeat","background-position":"center center","background-size":"auto","background-attachment":"scroll","background-type":"","background-media":"","overlay-type":"","overlay-color":"","overlay-opacity":"","overlay-gradient":""},"tablet":{"background-color":"var(--ast-global-color-5)","background-image":"","background-repeat":"repeat","background-position":"center center","background-size":"auto","background-attachment":"scroll","background-type":"","background-media":"","overlay-type":"","overlay-color":"","overlay-opacity":"","overlay-gradient":""},"mobile":{"background-color":"var(--ast-global-color-5)","background-image":"","background-repeat":"repeat","background-position":"center center","background-size":"auto","background-attachment":"scroll","background-type":"","background-media":"","overlay-type":"","overlay-color":"","overlay-opacity":"","overlay-gradient":""}},"footnotes":""},"class_list":["post-26886","page","type-page","status-publish","hentry"],"acf":[],"_links":{"self":[{"href":"https:\/\/tirallongues.cat\/fr\/wp-json\/wp\/v2\/pages\/26886","targetHints":{"allow":["GET"]}}],"collection":[{"href":"https:\/\/tirallongues.cat\/fr\/wp-json\/wp\/v2\/pages"}],"about":[{"href":"https:\/\/tirallongues.cat\/fr\/wp-json\/wp\/v2\/types\/page"}],"author":[{"embeddable":true,"href":"https:\/\/tirallongues.cat\/fr\/wp-json\/wp\/v2\/users\/1"}],"replies":[{"embeddable":true,"href":"https:\/\/tirallongues.cat\/fr\/wp-json\/wp\/v2\/comments?post=26886"}],"version-history":[{"count":4,"href":"https:\/\/tirallongues.cat\/fr\/wp-json\/wp\/v2\/pages\/26886\/revisions"}],"predecessor-version":[{"id":26891,"href":"https:\/\/tirallongues.cat\/fr\/wp-json\/wp\/v2\/pages\/26886\/revisions\/26891"}],"wp:attachment":[{"href":"https:\/\/tirallongues.cat\/fr\/wp-json\/wp\/v2\/media?parent=26886"}],"curies":[{"name":"wp","href":"https:\/\/api.w.org\/{rel}","templated":true}]}}